{"id":29749,"date":"2014-12-31T23:59:39","date_gmt":"2014-12-31T22:59:39","guid":{"rendered":"https:\/\/joubjoub.fr\/?page_id=29749"},"modified":"2023-06-25T21:25:00","modified_gmt":"2023-06-25T19:25:00","slug":"edition-2014","status":"publish","type":"page","link":"https:\/\/joubjoub.fr\/1001films\/edition-2014\/","title":{"rendered":"\u00c9dition 2014"},"content":{"rendered":"<table style=\"border-collapse: collapse; width: 100%;\">\n<tbody>\n<tr>\n<td style=\"text-align: left; vertical-align: top;\">Liste des <strong>13<\/strong> nouveaux films qui font leur entr\u00e9e dans cette nouvelle \u00e9dition :<\/p>\n<ol>\n<li><a href=\".\/nostalgie-de-la-lumiere\/\">Nostalgie de la lumi\u00e8re<\/a><\/li>\n<li><a href=\".\/the-act-of-killing-lacte-de-tuer\/\">The Act of Killing &#8211; L&rsquo;acte de tuer<\/a><\/li>\n<li><a href=\".\/blancanieves\/\">Blancanieves<\/a><\/li>\n<li><a href=\".\/wadjda\/\">Wadjda<\/a><\/li>\n<li><a href=\".\/12-years-a-slave\/\">12 Years a Slave<\/a><\/li>\n<li><a href=\".\/american-bluff\/\">American Bluff<\/a><\/li>\n<li><a href=\".\/la-vie-dadele-chapitres-1-et-2\/\">La vie d&rsquo;Ad\u00e8le &#8211; Chapitres 1 et 2<\/a><\/li>\n<li><a href=\".\/gravity\/\">Gravity<\/a><\/li>\n<li><a href=\".\/la-grande-bellezza\/\">La grande bellezza<\/a><\/li>\n<li><a href=\".\/inside-llewyn-davis\/\">Inside Llewyn Davis<\/a><\/li>\n<li><a href=\".\/nebraska\/\">Nebraska<\/a><\/li>\n<li><a href=\".\/a-touch-of-sin\/\">A Touch of Sin<\/a><\/li>\n<li><a href=\".\/le-loup-de-wall-street\/\">Le Loup de Wall Street<\/a><\/li>\n<\/ol>\n<\/td>\n<td style=\"text-align: center; vertical-align: top; width: 290px;\"><img decoding=\"async\" class=\"wp-image-28864 aligncenter\" src=\"https:\/\/joubjoub.fr\/wp-content\/uploads\/movies\/ed2014\/1001movies_ed2014.jpg\" alt=\"\" width=\"283\" height=\"360\" \/><\/td>\n<\/tr>\n<\/tbody>\n<\/table>\n","protected":false},"excerpt":{"rendered":"<p>Liste des 13 nouveaux films qui font leur entr\u00e9e dans cette nouvelle \u00e9dition : Nostalgie de la lumi\u00e8re The Act of Killing &#8211; L&rsquo;acte de tuer Blancanieves Wadjda 12 Years a Slave American Bluff La vie d&rsquo;Ad\u00e8le &#8211; Chapitres 1 et 2 Gravity La grande bellezza Inside Llewyn Davis Nebraska A Touch of Sin Le Loup de Wall Street<\/p>\n","protected":false},"author":1,"featured_media":0,"parent":0,"menu_order":0,"comment_status":"open","ping_status":"closed","template":"","meta":{"inline_featured_image":false,"footnotes":""},"class_list":["post-29749","page","type-page","status-publish","hentry"],"_links":{"self":[{"href":"https:\/\/joubjoub.fr\/1001films\/wp-json\/wp\/v2\/pages\/29749","targetHints":{"allow":["GET"]}}],"collection":[{"href":"https:\/\/joubjoub.fr\/1001films\/wp-json\/wp\/v2\/pages"}],"about":[{"href":"https:\/\/joubjoub.fr\/1001films\/wp-json\/wp\/v2\/types\/page"}],"author":[{"embeddable":true,"href":"https:\/\/joubjoub.fr\/1001films\/wp-json\/wp\/v2\/users\/1"}],"replies":[{"embeddable":true,"href":"https:\/\/joubjoub.fr\/1001films\/wp-json\/wp\/v2\/comments?post=29749"}],"version-history":[{"count":3,"href":"https:\/\/joubjoub.fr\/1001films\/wp-json\/wp\/v2\/pages\/29749\/revisions"}],"predecessor-version":[{"id":34634,"href":"https:\/\/joubjoub.fr\/1001films\/wp-json\/wp\/v2\/pages\/29749\/revisions\/34634"}],"wp:attachment":[{"href":"https:\/\/joubjoub.fr\/1001films\/wp-json\/wp\/v2\/media?parent=29749"}],"curies":[{"name":"wp","href":"https:\/\/api.w.org\/{rel}","templated":true}]}}