{"id":29992,"date":"2010-12-31T23:59:11","date_gmt":"2010-12-31T22:59:11","guid":{"rendered":"https:\/\/joubjoub.fr\/?page_id=29992"},"modified":"2023-06-25T21:27:01","modified_gmt":"2023-06-25T19:27:01","slug":"edition-2010","status":"publish","type":"page","link":"https:\/\/joubjoub.fr\/1001films\/edition-2010\/","title":{"rendered":"\u00c9dition 2010"},"content":{"rendered":"<table style=\"border-collapse: collapse; width: 100%;\">\n<tbody>\n<tr>\n<td style=\"text-align: left; vertical-align: top;\">Liste des <strong>11<\/strong>\u00a0nouveaux films qui font leur entr\u00e9e dans cette nouvelle \u00e9dition :<\/p>\n<ol>\n<li><a href=\".\/paranormal-activity\/\">Paranormal Activity<\/a><\/li>\n<li><a href=\".\/demineurs\/\">D\u00e9mineurs<\/a><\/li>\n<li><a href=\".\/morse\/\">Morse<\/a><\/li>\n<li><a href=\".\/anvil\/\">Anvil<\/a><\/li>\n<li><a href=\".\/inglourious-basterds\/\">Inglourious Basterds<\/a><\/li>\n<li><a href=\".\/avatar\/\">Avatar<\/a><\/li>\n<li><a href=\".\/le-ruban-blanc\/\">Le ruban blanc<\/a><\/li>\n<li><a href=\".\/une-education\/\">Une \u00e9ducation<\/a><\/li>\n<li><a href=\".\/precious\/\">Precious<\/a><\/li>\n<li><a href=\".\/very-bad-trip\/\">Very Bad Trip<\/a><\/li>\n<li><a href=\".\/fish-tank\/\">Fish Tank<\/a><\/li>\n<\/ol>\n<\/td>\n<td style=\"text-align: center; vertical-align: top; width: 290px;\"><img decoding=\"async\" class=\"wp-image-28864\" src=\"https:\/\/joubjoub.fr\/wp-content\/uploads\/movies\/ed2010\/1001films_06_ed2010_fr.jpg\" alt=\"\" width=\"285\" height=\"381\" \/><img decoding=\"async\" class=\"wp-image-28864\" src=\"https:\/\/joubjoub.fr\/wp-content\/uploads\/movies\/ed2010\/1001movies_ed2010.jpg\" alt=\"\" width=\"286\" height=\"377\" \/><\/td>\n<\/tr>\n<\/tbody>\n<\/table>\n","protected":false},"excerpt":{"rendered":"<p>Liste des 11\u00a0nouveaux films qui font leur entr\u00e9e dans cette nouvelle \u00e9dition : Paranormal Activity D\u00e9mineurs Morse Anvil Inglourious Basterds Avatar Le ruban blanc Une \u00e9ducation Precious Very Bad Trip Fish Tank<\/p>\n","protected":false},"author":1,"featured_media":0,"parent":0,"menu_order":0,"comment_status":"open","ping_status":"closed","template":"","meta":{"inline_featured_image":false,"footnotes":""},"class_list":["post-29992","page","type-page","status-publish","hentry"],"_links":{"self":[{"href":"https:\/\/joubjoub.fr\/1001films\/wp-json\/wp\/v2\/pages\/29992","targetHints":{"allow":["GET"]}}],"collection":[{"href":"https:\/\/joubjoub.fr\/1001films\/wp-json\/wp\/v2\/pages"}],"about":[{"href":"https:\/\/joubjoub.fr\/1001films\/wp-json\/wp\/v2\/types\/page"}],"author":[{"embeddable":true,"href":"https:\/\/joubjoub.fr\/1001films\/wp-json\/wp\/v2\/users\/1"}],"replies":[{"embeddable":true,"href":"https:\/\/joubjoub.fr\/1001films\/wp-json\/wp\/v2\/comments?post=29992"}],"version-history":[{"count":9,"href":"https:\/\/joubjoub.fr\/1001films\/wp-json\/wp\/v2\/pages\/29992\/revisions"}],"predecessor-version":[{"id":34637,"href":"https:\/\/joubjoub.fr\/1001films\/wp-json\/wp\/v2\/pages\/29992\/revisions\/34637"}],"wp:attachment":[{"href":"https:\/\/joubjoub.fr\/1001films\/wp-json\/wp\/v2\/media?parent=29992"}],"curies":[{"name":"wp","href":"https:\/\/api.w.org\/{rel}","templated":true}]}}