{"id":30082,"date":"2007-12-31T23:59:19","date_gmt":"2007-12-31T22:59:19","guid":{"rendered":"https:\/\/joubjoub.fr\/?page_id=30082"},"modified":"2023-06-25T21:28:54","modified_gmt":"2023-06-25T19:28:54","slug":"edition-2007","status":"publish","type":"page","link":"https:\/\/joubjoub.fr\/1001films\/edition-2007\/","title":{"rendered":"\u00c9dition 2007"},"content":{"rendered":"<table style=\"border-collapse: collapse; width: 100%;\">\n<tbody>\n<tr>\n<td style=\"text-align: left; vertical-align: top;\">Liste des <strong>14<\/strong>\u00a0nouveaux films qui font leur entr\u00e9e dans cette nouvelle \u00e9dition :<\/p>\n<ol>\n<li><a href=\".\/collision\/\">Collision<\/a><\/li>\n<li><a href=\".\/little-miss-sunshine\/\">Little Miss Sunshine<\/a><\/li>\n<li><a href=\".\/le-labyrinthe-de-pan\/\">Le labyrinthe de Pan<\/a><\/li>\n<li><a href=\".\/la-vie-des-autres\/\">La vie des autres<\/a><\/li>\n<li><a href=\".\/les-infiltres\/\">Les infiltr\u00e9s<\/a><\/li>\n<li><a href=\".\/apocalypto\/\">Apocalypto<\/a><\/li>\n<li><a href=\".\/borat-lecons-culturelles-sur-lamerique-au-profit-de-la-glorieuse-nation-kazakhstan\/\">Borat<\/a><\/li>\n<li><a href=\".\/the-queen\/\">The Queen<\/a><\/li>\n<li><a href=\".\/le-prestige\/\">Le prestige<\/a><\/li>\n<li><a href=\".\/les-fils-de-lhomme\/\">Les fils de l&rsquo;homme<\/a><\/li>\n<li><a href=\".\/vol-93\/\">Vol 93<\/a><\/li>\n<li><a href=\".\/le-dernier-roi-decosse\/\">Le dernier roi d&rsquo;\u00c9cosse<\/a><\/li>\n<li><a href=\".\/babel\/\">Babel<\/a><\/li>\n<li><a href=\".\/volver\/\">Volver<\/a><\/li>\n<\/ol>\n<\/td>\n<td style=\"text-align: center; vertical-align: top; width: 290px;\"><img decoding=\"async\" class=\"wp-image-28864\" src=\"https:\/\/joubjoub.fr\/wp-content\/uploads\/movies\/ed2007\/1001films_03_ed2007_fr.webp\" alt=\"\" width=\"285\" height=\"381\" \/><img decoding=\"async\" class=\"wp-image-28864\" src=\"https:\/\/joubjoub.fr\/wp-content\/uploads\/movies\/ed2007\/1001movies_ed2007.jpg\" alt=\"\" width=\"286\" height=\"377\" \/><\/td>\n<\/tr>\n<\/tbody>\n<\/table>\n","protected":false},"excerpt":{"rendered":"<p>Liste des 14\u00a0nouveaux films qui font leur entr\u00e9e dans cette nouvelle \u00e9dition : Collision Little Miss Sunshine Le labyrinthe de Pan La vie des autres Les infiltr\u00e9s Apocalypto Borat The Queen Le prestige Les fils de l&rsquo;homme Vol 93 Le dernier roi d&rsquo;\u00c9cosse Babel Volver<\/p>\n","protected":false},"author":1,"featured_media":0,"parent":0,"menu_order":0,"comment_status":"open","ping_status":"closed","template":"","meta":{"inline_featured_image":false,"footnotes":""},"class_list":["post-30082","page","type-page","status-publish","hentry"],"_links":{"self":[{"href":"https:\/\/joubjoub.fr\/1001films\/wp-json\/wp\/v2\/pages\/30082","targetHints":{"allow":["GET"]}}],"collection":[{"href":"https:\/\/joubjoub.fr\/1001films\/wp-json\/wp\/v2\/pages"}],"about":[{"href":"https:\/\/joubjoub.fr\/1001films\/wp-json\/wp\/v2\/types\/page"}],"author":[{"embeddable":true,"href":"https:\/\/joubjoub.fr\/1001films\/wp-json\/wp\/v2\/users\/1"}],"replies":[{"embeddable":true,"href":"https:\/\/joubjoub.fr\/1001films\/wp-json\/wp\/v2\/comments?post=30082"}],"version-history":[{"count":8,"href":"https:\/\/joubjoub.fr\/1001films\/wp-json\/wp\/v2\/pages\/30082\/revisions"}],"predecessor-version":[{"id":34640,"href":"https:\/\/joubjoub.fr\/1001films\/wp-json\/wp\/v2\/pages\/30082\/revisions\/34640"}],"wp:attachment":[{"href":"https:\/\/joubjoub.fr\/1001films\/wp-json\/wp\/v2\/media?parent=30082"}],"curies":[{"name":"wp","href":"https:\/\/api.w.org\/{rel}","templated":true}]}}