{"id":33934,"date":"2020-12-31T23:59:58","date_gmt":"2020-12-31T22:59:58","guid":{"rendered":"https:\/\/joubjoub.fr\/?page_id=33934"},"modified":"2023-06-25T21:22:25","modified_gmt":"2023-06-25T19:22:25","slug":"edition-2019","status":"publish","type":"page","link":"https:\/\/joubjoub.fr\/1001films\/edition-2019\/","title":{"rendered":"\u00c9dition 2019"},"content":{"rendered":"<table style=\"border-collapse: collapse; width: 100%;\">\n<tbody>\n<tr>\n<td style=\"text-align: left; vertical-align: top;\">Liste des <strong>12<\/strong> nouveaux films qui font leur entr\u00e9e dans cette nouvelle \u00e9dition :<\/p>\n<ol>\n<li><a href=\".\/phantom-thread\/\">Phantom Thread<\/a><\/li>\n<li><a href=\".\/the-greatest-showman\/\">The Greatest Showman<\/a><\/li>\n<li><a href=\".\/crazy-rich-asians\/\">Crazy Rich Asians<\/a><\/li>\n<li><a href=\".\/capharnaum\/\">Capharna\u00fcm<\/a><\/li>\n<li><a href=\".\/a-star-is-born\/\">A Star is Born<\/a><\/li>\n<li><a href=\".\/avengers-infinity-war\/\">Avengers : Infinity War<\/a><\/li>\n<li><a href=\".\/roma\/\">Roma<\/a><\/li>\n<li><a href=\".\/heredite\/\">H\u00e9r\u00e9dit\u00e9<\/a><\/li>\n<li><a href=\".\/la-favorite\/\">La Favorite<\/a><\/li>\n<li><a href=\".\/sorry-to-bother-you\/\">Sorry to Bother You<\/a><\/li>\n<li><a href=\".\/vice\/\">Vice<\/a><\/li>\n<li><a href=\".\/blackkklansman-jai-infiltre-le-ku-klux-klan\/\">BlacKkKlansman : J\u2019ai infiltr\u00e9 le Ku Klux Klan<\/a><\/li>\n<\/ol>\n<\/td>\n<td style=\"text-align: center; vertical-align: top; width: 290px;\"><img decoding=\"async\" class=\"wp-image-28864 aligncenter\" src=\"https:\/\/joubjoub.fr\/wp-content\/uploads\/movies\/ed2019\/1001movies_ed2019.jpg\" alt=\"\" width=\"283\" height=\"360\" \/><img decoding=\"async\" class=\"wp-image-28864 aligncenter\" src=\"https:\/\/joubjoub.fr\/wp-content\/uploads\/movies\/ed2019\/1001movies_ed2019_v2.jpg\" alt=\"\" width=\"283\" height=\"360\" \/><\/td>\n<\/tr>\n<\/tbody>\n<\/table>\n","protected":false},"excerpt":{"rendered":"<p>Liste des 12 nouveaux films qui font leur entr\u00e9e dans cette nouvelle \u00e9dition : Phantom Thread The Greatest Showman Crazy Rich Asians Capharna\u00fcm A Star is Born Avengers : Infinity War Roma H\u00e9r\u00e9dit\u00e9 La Favorite Sorry to Bother You Vice BlacKkKlansman : J\u2019ai infiltr\u00e9 le Ku Klux Klan<\/p>\n","protected":false},"author":1,"featured_media":0,"parent":0,"menu_order":0,"comment_status":"closed","ping_status":"closed","template":"","meta":{"inline_featured_image":false,"footnotes":""},"class_list":["post-33934","page","type-page","status-publish","hentry"],"_links":{"self":[{"href":"https:\/\/joubjoub.fr\/1001films\/wp-json\/wp\/v2\/pages\/33934","targetHints":{"allow":["GET"]}}],"collection":[{"href":"https:\/\/joubjoub.fr\/1001films\/wp-json\/wp\/v2\/pages"}],"about":[{"href":"https:\/\/joubjoub.fr\/1001films\/wp-json\/wp\/v2\/types\/page"}],"author":[{"embeddable":true,"href":"https:\/\/joubjoub.fr\/1001films\/wp-json\/wp\/v2\/users\/1"}],"replies":[{"embeddable":true,"href":"https:\/\/joubjoub.fr\/1001films\/wp-json\/wp\/v2\/comments?post=33934"}],"version-history":[{"count":2,"href":"https:\/\/joubjoub.fr\/1001films\/wp-json\/wp\/v2\/pages\/33934\/revisions"}],"predecessor-version":[{"id":34629,"href":"https:\/\/joubjoub.fr\/1001films\/wp-json\/wp\/v2\/pages\/33934\/revisions\/34629"}],"wp:attachment":[{"href":"https:\/\/joubjoub.fr\/1001films\/wp-json\/wp\/v2\/media?parent=33934"}],"curies":[{"name":"wp","href":"https:\/\/api.w.org\/{rel}","templated":true}]}}