{"id":34028,"date":"2016-12-31T23:59:03","date_gmt":"2016-12-31T22:59:03","guid":{"rendered":"https:\/\/joubjoub.fr\/?page_id=34028"},"modified":"2023-06-25T21:23:55","modified_gmt":"2023-06-25T19:23:55","slug":"edition-2016","status":"publish","type":"page","link":"https:\/\/joubjoub.fr\/1001films\/edition-2016\/","title":{"rendered":"\u00c9dition 2016"},"content":{"rendered":"<table style=\"border-collapse: collapse; width: 100%;\">\n<tbody>\n<tr>\n<td style=\"text-align: left; vertical-align: top;\">Liste des <strong>10<\/strong> nouveaux films qui font leur entr\u00e9e dans cette nouvelle \u00e9dition :<\/p>\n<ol>\n<li><a href=\".\/the-look-of-silence\/\">The Look of Silence<\/a><\/li>\n<li><a href=\".\/star-wars-le-reveil-de-la-force\/\">Star Wars : Le r\u00e9veil de la force<\/a><\/li>\n<li><a href=\".\/the-revenant\/\">The Revenant<\/a><\/li>\n<li><a href=\".\/le-fils-de-saul\/\">Le fils de Saul<\/a><\/li>\n<li><a href=\".\/le-pont-des-espions\/\">Le pont des espions<\/a><\/li>\n<li><a href=\".\/the-big-short-le-casse-du-siecle\/\">The Big Short\u00a0: Le casse du si\u00e8cle<\/a><\/li>\n<li><a href=\".\/spotlight\/\">Spotlight<\/a><\/li>\n<li><a href=\".\/tangerine\/\">Tangerine<\/a><\/li>\n<li><a href=\".\/n-w-a-straight-outta-compton\/\">N.W.A : Straight Outta Compton<\/a><\/li>\n<li><a href=\".\/mad-max-fury-road\/\">Mad Max : Fury Road<\/a><\/li>\n<\/ol>\n<\/td>\n<td style=\"text-align: center; vertical-align: top; width: 290px;\"><img decoding=\"async\" class=\"wp-image-28864 aligncenter\" src=\"https:\/\/joubjoub.fr\/wp-content\/uploads\/movies\/ed2016\/1001films_10_ed2016_fr.jpg\" alt=\"\" width=\"283\" height=\"360\" \/><img decoding=\"async\" class=\"wp-image-28864 aligncenter\" src=\"https:\/\/joubjoub.fr\/wp-content\/uploads\/movies\/ed2016\/1001movies_ed2016.jpg\" alt=\"\" width=\"283\" height=\"360\" \/><\/td>\n<\/tr>\n<\/tbody>\n<\/table>\n","protected":false},"excerpt":{"rendered":"<p>Liste des 10 nouveaux films qui font leur entr\u00e9e dans cette nouvelle \u00e9dition : The Look of Silence Star Wars : Le r\u00e9veil de la force The Revenant Le fils de Saul Le pont des espions The Big Short\u00a0: Le casse du si\u00e8cle Spotlight Tangerine N.W.A : Straight Outta Compton Mad Max : Fury Road<\/p>\n","protected":false},"author":1,"featured_media":0,"parent":0,"menu_order":0,"comment_status":"closed","ping_status":"closed","template":"","meta":{"inline_featured_image":false,"footnotes":""},"class_list":["post-34028","page","type-page","status-publish","hentry"],"_links":{"self":[{"href":"https:\/\/joubjoub.fr\/1001films\/wp-json\/wp\/v2\/pages\/34028","targetHints":{"allow":["GET"]}}],"collection":[{"href":"https:\/\/joubjoub.fr\/1001films\/wp-json\/wp\/v2\/pages"}],"about":[{"href":"https:\/\/joubjoub.fr\/1001films\/wp-json\/wp\/v2\/types\/page"}],"author":[{"embeddable":true,"href":"https:\/\/joubjoub.fr\/1001films\/wp-json\/wp\/v2\/users\/1"}],"replies":[{"embeddable":true,"href":"https:\/\/joubjoub.fr\/1001films\/wp-json\/wp\/v2\/comments?post=34028"}],"version-history":[{"count":3,"href":"https:\/\/joubjoub.fr\/1001films\/wp-json\/wp\/v2\/pages\/34028\/revisions"}],"predecessor-version":[{"id":34632,"href":"https:\/\/joubjoub.fr\/1001films\/wp-json\/wp\/v2\/pages\/34028\/revisions\/34632"}],"wp:attachment":[{"href":"https:\/\/joubjoub.fr\/1001films\/wp-json\/wp\/v2\/media?parent=34028"}],"curies":[{"name":"wp","href":"https:\/\/api.w.org\/{rel}","templated":true}]}}