{"id":34048,"date":"2015-12-31T23:59:34","date_gmt":"2015-12-31T22:59:34","guid":{"rendered":"https:\/\/joubjoub.fr\/?page_id=34048"},"modified":"2023-06-25T21:24:26","modified_gmt":"2023-06-25T19:24:26","slug":"edition-2015","status":"publish","type":"page","link":"https:\/\/joubjoub.fr\/1001films\/edition-2015\/","title":{"rendered":"\u00c9dition 2015"},"content":{"rendered":"<table style=\"border-collapse: collapse; width: 100%;\">\n<tbody>\n<tr>\n<td style=\"text-align: left; vertical-align: top;\">Liste des <strong>10<\/strong> nouveaux films qui font leur entr\u00e9e dans cette nouvelle \u00e9dition :<\/p>\n<ol>\n<li><a href=\".\/ida\/\">Ida<\/a><\/li>\n<li><a href=\".\/under-the-skin\/\">Under the Skin<\/a><\/li>\n<li><a href=\".\/citizenfour\/\">Citizenfour<\/a><\/li>\n<li><a href=\".\/leviathan\/\">L\u00e9viathan<\/a><\/li>\n<li><a href=\".\/boyhood\/\">Boyhood<\/a><\/li>\n<li><a href=\".\/les-gardiens-de-la-galaxie\/\">Les Gardiens de la Galaxie<\/a><\/li>\n<li><a href=\".\/birdman\/\">Birdman<\/a><\/li>\n<li><a href=\".\/whiplash\/\">Whiplash<\/a><\/li>\n<li><a href=\".\/une-merveilleuse-histoire-du-temps\/\">Une merveilleuse histoire du temps<\/a><\/li>\n<li><a href=\".\/the-grand-budapest-hotel\/\">The Grand Budapest Hotel<\/a><\/li>\n<\/ol>\n<\/td>\n<td style=\"text-align: center; vertical-align: top; width: 290px;\"><img decoding=\"async\" class=\"wp-image-28864 aligncenter\" src=\"https:\/\/joubjoub.fr\/wp-content\/uploads\/movies\/ed2015\/1001movies_ed2015.jpg\" alt=\"\" width=\"283\" height=\"360\" \/><img decoding=\"async\" class=\"wp-image-28864 aligncenter\" src=\"https:\/\/joubjoub.fr\/wp-content\/uploads\/movies\/ed2015\/1001movies_ed2015_v2.jpg\" alt=\"\" width=\"283\" height=\"360\" \/><\/td>\n<\/tr>\n<\/tbody>\n<\/table>\n","protected":false},"excerpt":{"rendered":"<p>Liste des 10 nouveaux films qui font leur entr\u00e9e dans cette nouvelle \u00e9dition : Ida Under the Skin Citizenfour L\u00e9viathan Boyhood Les Gardiens de la Galaxie Birdman Whiplash Une merveilleuse histoire du temps The Grand Budapest Hotel<\/p>\n","protected":false},"author":1,"featured_media":0,"parent":0,"menu_order":0,"comment_status":"closed","ping_status":"closed","template":"","meta":{"inline_featured_image":false,"footnotes":""},"class_list":["post-34048","page","type-page","status-publish","hentry"],"_links":{"self":[{"href":"https:\/\/joubjoub.fr\/1001films\/wp-json\/wp\/v2\/pages\/34048","targetHints":{"allow":["GET"]}}],"collection":[{"href":"https:\/\/joubjoub.fr\/1001films\/wp-json\/wp\/v2\/pages"}],"about":[{"href":"https:\/\/joubjoub.fr\/1001films\/wp-json\/wp\/v2\/types\/page"}],"author":[{"embeddable":true,"href":"https:\/\/joubjoub.fr\/1001films\/wp-json\/wp\/v2\/users\/1"}],"replies":[{"embeddable":true,"href":"https:\/\/joubjoub.fr\/1001films\/wp-json\/wp\/v2\/comments?post=34048"}],"version-history":[{"count":2,"href":"https:\/\/joubjoub.fr\/1001films\/wp-json\/wp\/v2\/pages\/34048\/revisions"}],"predecessor-version":[{"id":34633,"href":"https:\/\/joubjoub.fr\/1001films\/wp-json\/wp\/v2\/pages\/34048\/revisions\/34633"}],"wp:attachment":[{"href":"https:\/\/joubjoub.fr\/1001films\/wp-json\/wp\/v2\/media?parent=34048"}],"curies":[{"name":"wp","href":"https:\/\/api.w.org\/{rel}","templated":true}]}}