{"id":34243,"date":"2023-06-02T21:02:37","date_gmt":"2023-06-02T19:02:37","guid":{"rendered":"https:\/\/joubjoub.fr\/1001films\/?page_id=34243"},"modified":"2023-06-02T21:21:56","modified_gmt":"2023-06-02T19:21:56","slug":"historique","status":"publish","type":"page","link":"https:\/\/joubjoub.fr\/1001films\/historique\/","title":{"rendered":"Historique"},"content":{"rendered":"<table style=\"width: 100%; height: 913px;\">\n<tbody>\n<tr style=\"height: 48px;\">\n<td style=\"height: 48px; text-align: center; width: 4.20595%; background-color: #d9d9d9;\"><span style=\"color: #993300; font-size: 14pt;\"><strong>Ann\u00e9e<\/strong><\/span><\/td>\n<td style=\"height: 48px; text-align: center; width: 4.85859%; background-color: #d9d9d9;\"><span style=\"color: #993300; font-size: 14pt;\"><span style=\"color: #993300; font-size: 14pt;\"><strong>\u00c9dition<\/strong><\/span><\/span><\/td>\n<td style=\"height: 48px; text-align: center; width: 1.95794%; background-color: #d9d9d9;\"><span style=\"color: #993300; font-size: 14pt;\"><span style=\"color: #993300; font-size: 14pt;\"><strong>Ajout<\/strong><\/span><\/span><\/td>\n<td style=\"height: 48px; text-align: center; width: 4.56853%; background-color: #d9d9d9;\"><span style=\"color: #993300; font-size: 14pt;\"><span style=\"color: #993300; font-size: 14pt;\"><strong>Retour<\/strong><\/span><\/span><\/td>\n<td style=\"height: 48px; text-align: center; width: 4.64104%; background-color: #d9d9d9;\"><span style=\"color: #993300; font-size: 14pt;\"><span style=\"color: #993300; font-size: 14pt;\"><strong>Retrait<\/strong><\/span><\/span><\/td>\n<td style=\"height: 48px; width: 25.0181%; text-align: left; background-color: #d9d9d9;\"><em><span style=\"color: #993300; font-size: 14pt;\"><span style=\"color: #993300; font-size: 14pt;\"><strong>Commentaires<\/strong><\/span><\/span><\/em><\/td>\n<td style=\"height: 48px; width: 12.6178%; text-align: left; background-color: #d9d9d9;\"><span style=\"color: #993300; font-size: 10pt;\"><span style=\"color: #993300; font-size: 14pt;\"><strong>Calcul<\/strong><\/span><\/span><\/td>\n<td style=\"height: 48px; text-align: center; width: 2.71936%; background-color: #d9d9d9;\"><span style=\"color: #993300; font-size: 10pt;\"><span style=\"color: #993300; font-size: 14pt;\"><strong>R\u00e9sultat<\/strong><\/span><\/span><\/td>\n<td style=\"height: 48px; text-align: center; width: 10.0073%; background-color: #d9d9d9;\"><span style=\"color: #993300; font-size: 14pt;\"><span style=\"color: #993300; font-size: 14pt;\"><strong>Total cumul\u00e9<\/strong><\/span><\/span><\/td>\n<\/tr>\n<tr style=\"height: 48px;\">\n<td style=\"height: 48px; text-align: center; width: 4.20595%; background-color: #d9d9d9;\"><strong>2003<\/strong><\/td>\n<td style=\"height: 48px; text-align: center; width: 4.85859%;\"><strong>1<\/strong><\/td>\n<td style=\"height: 48px; text-align: center; width: 1.95794%;\"><strong>1003<\/strong><\/td>\n<td style=\"height: 48px; text-align: center; width: 4.56853%;\">&#8211;<\/td>\n<td style=\"height: 48px; text-align: center; width: 4.64104%;\">&#8211;<\/td>\n<td style=\"height: 48px; width: 25.0181%; text-align: left;\"><em>\u00ab\u00a0Ivan le terrible\u00a0\u00bb 1 et 2 &#8211; deux films, une entr\u00e9e (-1)<\/em><br \/>\n<em>\u00ab\u00a0Les dieux du stade (Olympia)\u00a0\u00bb 1 et 2 : deux films, une entr\u00e9e (-1)<\/em><\/td>\n<td style=\"height: 48px; width: 12.6178%; text-align: left;\"><span style=\"font-size: 10pt;\">= 1003 &#8211; 1 &#8211; 1<\/span><\/td>\n<td style=\"height: 48px; text-align: center; width: 2.71936%;\"><span style=\"font-size: 10pt;\"><strong>1001<\/strong><\/span><\/td>\n<td style=\"height: 48px; text-align: center; width: 10.0073%;\"><span style=\"color: #993300;\"><strong>1003<\/strong><\/span><\/td>\n<\/tr>\n<tr style=\"height: 24px;\">\n<td style=\"height: 24px; text-align: center; width: 4.20595%; background-color: #d9d9d9;\"><strong>2004<\/strong><\/td>\n<td style=\"height: 24px; text-align: center; width: 4.85859%;\"><strong>2<\/strong><\/td>\n<td style=\"height: 24px; text-align: center; width: 1.95794%;\"><strong>2<\/strong><\/td>\n<td style=\"height: 24px; text-align: center; width: 4.56853%;\">&#8211;<\/td>\n<td style=\"height: 24px; text-align: center; width: 4.64104%;\"><strong>-2<\/strong><\/td>\n<td style=\"height: 24px; width: 25.0181%; text-align: left;\"><\/td>\n<td style=\"height: 24px; width: 12.6178%; text-align: left;\"><span style=\"font-size: 10pt;\">= 1001 + 2 &#8211; 2<\/span><\/td>\n<td style=\"height: 24px; text-align: center; width: 2.71936%;\"><span style=\"font-size: 10pt;\"><strong>1001<\/strong><\/span><\/td>\n<td style=\"height: 24px; text-align: center; width: 10.0073%;\"><span style=\"color: #993300;\"><strong>1005<\/strong><\/span><\/td>\n<\/tr>\n<tr style=\"height: 24px;\">\n<td style=\"height: 24px; text-align: center; width: 4.20595%; background-color: #d9d9d9;\"><strong>2005<\/strong><\/td>\n<td style=\"height: 24px; text-align: center; width: 4.85859%;\"><strong>3<\/strong><\/td>\n<td style=\"height: 24px; text-align: center; width: 1.95794%;\"><strong>15<\/strong><\/td>\n<td style=\"height: 24px; text-align: center; width: 4.56853%;\">&#8211;<\/td>\n<td style=\"height: 24px; text-align: center; width: 4.64104%;\"><strong>-15<\/strong><\/td>\n<td style=\"height: 24px; width: 25.0181%; text-align: left;\"><\/td>\n<td style=\"height: 24px; width: 12.6178%; text-align: left;\"><span style=\"font-size: 10pt;\">= 1001 + 15 &#8211; 15<\/span><\/td>\n<td style=\"height: 24px; text-align: center; width: 2.71936%;\"><span style=\"font-size: 10pt;\"><strong>1001<\/strong><\/span><\/td>\n<td style=\"height: 24px; text-align: center; width: 10.0073%;\"><span style=\"color: #993300;\"><strong>1020<\/strong><\/span><\/td>\n<\/tr>\n<tr style=\"height: 24px;\">\n<td style=\"height: 24px; text-align: center; width: 4.20595%; background-color: #d9d9d9;\"><strong>2006<\/strong><\/td>\n<td style=\"height: 24px; text-align: center; width: 4.85859%;\"><strong>4<\/strong><\/td>\n<td style=\"height: 24px; text-align: center; width: 1.95794%;\"><strong>13<\/strong><\/td>\n<td style=\"height: 24px; text-align: center; width: 4.56853%;\">&#8211;<\/td>\n<td style=\"height: 24px; text-align: center; width: 4.64104%;\"><strong>-13<\/strong><\/td>\n<td style=\"height: 24px; width: 25.0181%; text-align: left;\"><\/td>\n<td style=\"height: 24px; width: 12.6178%; text-align: left;\"><span style=\"font-size: 10pt;\">= 1001 + 47 &#8211; 47<\/span><\/td>\n<td style=\"height: 24px; text-align: center; width: 2.71936%;\"><span style=\"font-size: 10pt;\"><strong>1001<\/strong><\/span><\/td>\n<td style=\"height: 24px; text-align: center; width: 10.0073%;\"><span style=\"color: #993300;\"><strong>1033<\/strong><\/span><\/td>\n<\/tr>\n<tr style=\"height: 24px;\">\n<td style=\"height: 24px; text-align: center; width: 4.20595%; background-color: #d9d9d9;\"><strong>2007<\/strong><\/td>\n<td style=\"height: 24px; text-align: center; width: 4.85859%;\"><strong>5<\/strong><\/td>\n<td style=\"height: 24px; text-align: center; width: 1.95794%;\"><strong>14<\/strong><\/td>\n<td style=\"height: 24px; text-align: center; width: 4.56853%;\">&#8211;<\/td>\n<td style=\"height: 24px; text-align: center; width: 4.64104%;\"><strong>-14<\/strong><\/td>\n<td style=\"height: 24px; width: 25.0181%; text-align: left;\"><\/td>\n<td style=\"height: 24px; width: 12.6178%; text-align: left;\"><span style=\"font-size: 10pt;\">= 1001 + 14 &#8211; 14<\/span><\/td>\n<td style=\"height: 24px; text-align: center; width: 2.71936%;\"><span style=\"font-size: 10pt;\"><strong>1001<\/strong><\/span><\/td>\n<td style=\"height: 24px; text-align: center; width: 10.0073%;\"><span style=\"color: #993300;\"><strong>1047<\/strong><\/span><\/td>\n<\/tr>\n<tr style=\"height: 216px;\">\n<td style=\"height: 216px; text-align: center; width: 4.20595%; background-color: #d9d9d9;\"><strong>2008<\/strong><\/td>\n<td style=\"height: 216px; text-align: center; width: 4.85859%;\"><strong>6<\/strong><\/td>\n<td style=\"height: 216px; text-align: center; width: 1.95794%;\"><strong>13<\/strong><\/td>\n<td style=\"height: 216px; text-align: center; width: 4.56853%;\"><strong>7<\/strong><\/td>\n<td style=\"height: 216px; text-align: center; width: 4.64104%;\"><strong>-18<\/strong><\/td>\n<td style=\"height: 216px; width: 25.0181%; text-align: left;\"><em>Une seule entr\u00e9e pour la trilogie \u00ab\u00a0Le seigneur des anneaux\u00a0\u00bb (-2)<\/em><br \/>\n<em>Retour des films suivants :<\/em><br \/>\n<em>&#8211; \u00ab\u00a0Audition\u00a0\u00bb (\u00ab\u00a0Odishon\u00a0\u00bb) (1999)<\/em><br \/>\n<em>&#8211; \u00ab\u00a0La cit\u00e9 de Dieu\u00a0\u00bb (\u00ab\u00a0Cidade de Deus\u00a0\u00bb) (2002)<\/em><br \/>\n<em>&#8211; \u00ab\u00a0Parle avec elle\u00a0\u00bb (\u00ab\u00a0Hable con ella\u00a0\u00bb) (2002)<\/em><br \/>\n<em>&#8211; \u00ab\u00a0Kill Bill &#8211; Volume 1\u00a0\u00bb (2003)<\/em><br \/>\n<em>&#8211; \u00ab\u00a0La Passion du Christ\u00a0\u00bb (2004)<\/em><br \/>\n<em>&#8211; \u00ab\u00a0Le seigneur des anneaux : La communaut\u00e9 de l&rsquo;anneau\u00a0\u00bb<\/em><br \/>\n<em>&#8211; \u00ab\u00a0Le seigneur des anneaux : Les deux tours\u00a0\u00bb<\/em><\/td>\n<td style=\"height: 216px; width: 12.6178%; text-align: left;\"><span style=\"font-size: 10pt;\">= 1001 + 13 + 7 &#8211; 18 &#8211; 2<\/span><\/td>\n<td style=\"height: 216px; text-align: center; width: 2.71936%;\"><span style=\"font-size: 10pt;\"><strong>1001<\/strong><\/span><\/td>\n<td style=\"height: 216px; text-align: center; width: 10.0073%;\"><span style=\"color: #993300;\"><strong>1060<\/strong><\/span><\/td>\n<\/tr>\n<tr style=\"height: 24px;\">\n<td style=\"height: 24px; text-align: center; width: 4.20595%; background-color: #d9d9d9;\"><strong>2009<\/strong><\/td>\n<td style=\"height: 24px; text-align: center; width: 4.85859%;\"><strong>7<\/strong><\/td>\n<td style=\"height: 24px; text-align: center; width: 1.95794%;\"><strong>10<\/strong><\/td>\n<td style=\"height: 24px; text-align: center; width: 4.56853%;\">&#8211;<\/td>\n<td style=\"height: 24px; text-align: center; width: 4.64104%;\"><strong>-10<\/strong><\/td>\n<td style=\"height: 24px; width: 25.0181%; text-align: left;\"><\/td>\n<td style=\"height: 24px; width: 12.6178%; text-align: left;\"><span style=\"font-size: 10pt;\">= 1001 + 10 &#8211; 10<\/span><\/td>\n<td style=\"height: 24px; text-align: center; width: 2.71936%;\"><span style=\"font-size: 10pt;\"><strong>1001<\/strong><\/span><\/td>\n<td style=\"height: 24px; text-align: center; width: 10.0073%;\"><span style=\"color: #993300;\"><strong>1070<\/strong><\/span><\/td>\n<\/tr>\n<tr style=\"height: 24px;\">\n<td style=\"height: 24px; text-align: center; width: 4.20595%; background-color: #d9d9d9;\"><strong>2010<\/strong><\/td>\n<td style=\"height: 24px; text-align: center; width: 4.85859%;\"><strong>8<\/strong><\/td>\n<td style=\"height: 24px; text-align: center; width: 1.95794%;\"><strong>11<\/strong><\/td>\n<td style=\"height: 24px; text-align: center; width: 4.56853%;\">&#8211;<\/td>\n<td style=\"height: 24px; text-align: center; width: 4.64104%;\"><strong>-11<\/strong><\/td>\n<td style=\"height: 24px; width: 25.0181%; text-align: left;\"><\/td>\n<td style=\"height: 24px; width: 12.6178%; text-align: left;\"><span style=\"font-size: 10pt;\">= 1001 + 11 &#8211; 11<\/span><\/td>\n<td style=\"height: 24px; text-align: center; width: 2.71936%;\"><span style=\"font-size: 10pt;\"><strong>1001<\/strong><\/span><\/td>\n<td style=\"height: 24px; text-align: center; width: 10.0073%;\"><span style=\"color: #993300;\"><strong>1081<\/strong><\/span><\/td>\n<\/tr>\n<tr style=\"height: 72px;\">\n<td style=\"height: 72px; text-align: center; width: 4.20595%; background-color: #d9d9d9;\"><strong>2011<\/strong><\/td>\n<td style=\"height: 72px; text-align: center; width: 4.85859%;\"><strong>9<\/strong><\/td>\n<td style=\"height: 72px; text-align: center; width: 1.95794%;\"><strong>10<\/strong><\/td>\n<td style=\"height: 72px; text-align: center; width: 4.56853%;\"><strong>2<\/strong><\/td>\n<td style=\"height: 72px; text-align: center; width: 4.64104%;\"><strong>-12<\/strong><\/td>\n<td style=\"height: 72px; width: 25.0181%; text-align: left;\"><em>Retour des films suivants :<\/em><br \/>\n<em>&#8211; \u00ab\u00a0La Passion du Christ\u00a0\u00bb (2004)<\/em><br \/>\n<em>&#8211; \u00ab\u00a0Apocalypto\u00a0\u00bb (2006)<\/em><\/td>\n<td style=\"height: 72px; width: 12.6178%; text-align: left;\"><span style=\"font-size: 10pt;\">= 1001 + 10 + 2 &#8211; 12<\/span><\/td>\n<td style=\"height: 72px; text-align: center; width: 2.71936%;\"><span style=\"font-size: 10pt;\"><strong>1001<\/strong><\/span><\/td>\n<td style=\"height: 72px; text-align: center; width: 10.0073%;\"><span style=\"color: #993300;\"><strong>1091<\/strong><\/span><\/td>\n<\/tr>\n<tr style=\"height: 24px;\">\n<td style=\"height: 24px; text-align: center; width: 4.20595%; background-color: #d9d9d9;\"><strong>2012<\/strong><\/td>\n<td style=\"height: 24px; text-align: center; width: 4.85859%;\"><strong>10<\/strong><\/td>\n<td style=\"height: 24px; text-align: center; width: 1.95794%;\"><strong>14<\/strong><\/td>\n<td style=\"height: 24px; text-align: center; width: 4.56853%;\">&#8211;<\/td>\n<td style=\"height: 24px; text-align: center; width: 4.64104%;\"><strong>-14<\/strong><\/td>\n<td style=\"height: 24px; width: 25.0181%; text-align: left;\"><\/td>\n<td style=\"height: 24px; width: 12.6178%; text-align: left;\"><span style=\"font-size: 10pt;\">= 1001 + 14 &#8211; 14<\/span><\/td>\n<td style=\"height: 24px; text-align: center; width: 2.71936%;\"><span style=\"font-size: 10pt;\"><strong>1001<\/strong><\/span><\/td>\n<td style=\"height: 24px; text-align: center; width: 10.0073%;\"><span style=\"color: #993300;\"><strong>1105<\/strong><\/span><\/td>\n<\/tr>\n<tr style=\"height: 120px;\">\n<td style=\"height: 120px; text-align: center; width: 4.20595%; background-color: #d9d9d9;\"><strong>2013<\/strong><\/td>\n<td style=\"height: 120px; text-align: center; width: 4.85859%;\"><strong>11<\/strong><\/td>\n<td style=\"height: 120px; text-align: center; width: 1.95794%;\"><strong>49<\/strong><\/td>\n<td style=\"height: 120px; text-align: center; width: 4.56853%;\"><strong>3<\/strong><\/td>\n<td style=\"height: 120px; text-align: center; width: 4.64104%;\"><strong>-50<\/strong><\/td>\n<td style=\"height: 120px; width: 25.0181%; text-align: left;\"><em>Une seule entr\u00e9e pour la trilogie \u00ab\u00a0Toy Story\u00a0\u00bb (-2)<\/em><br \/>\n<em>Retour des films suivants :<\/em><br \/>\n<em>&#8211; \u00ab\u00a0Boogie Nights\u00a0\u00bb<\/em><br \/>\n<em>&#8211; \u00ab\u00a0Gangs of New York\u00a0\u00bb<\/em><br \/>\n<em>&#8211; \u00ab\u00a0L&rsquo;arche russe\u00a0\u00bb<\/em><\/td>\n<td style=\"height: 120px; width: 12.6178%; text-align: left;\"><span style=\"font-size: 10pt;\">= 1001 + 49 + 3 &#8211; 50 &#8211; 2<\/span><\/td>\n<td style=\"height: 120px; text-align: center; width: 2.71936%;\"><span style=\"font-size: 10pt;\"><strong>1001<\/strong><\/span><\/td>\n<td style=\"height: 120px; text-align: center; width: 10.0073%;\"><span style=\"color: #993300;\"><strong>1154<\/strong><\/span><\/td>\n<\/tr>\n<tr style=\"height: 24px;\">\n<td style=\"height: 24px; text-align: center; width: 4.20595%; background-color: #d9d9d9;\"><strong>2014<\/strong><\/td>\n<td style=\"height: 24px; text-align: center; width: 4.85859%;\"><strong>12<\/strong><\/td>\n<td style=\"height: 24px; text-align: center; width: 1.95794%;\"><strong>13<\/strong><\/td>\n<td style=\"height: 24px; text-align: center; width: 4.56853%;\">&#8211;<\/td>\n<td style=\"height: 24px; text-align: center; width: 4.64104%;\"><strong>-13<\/strong><\/td>\n<td style=\"height: 24px; width: 25.0181%; text-align: left;\"><\/td>\n<td style=\"height: 24px; width: 12.6178%; text-align: left;\"><span style=\"font-size: 10pt;\">= 1001 + 13 &#8211; 13<\/span><\/td>\n<td style=\"height: 24px; text-align: center; width: 2.71936%;\"><span style=\"font-size: 10pt;\"><strong>1001<\/strong><\/span><\/td>\n<td style=\"height: 24px; text-align: center; width: 10.0073%;\"><span style=\"color: #993300;\"><strong>1167<\/strong><\/span><\/td>\n<\/tr>\n<tr style=\"height: 24px;\">\n<td style=\"height: 24px; text-align: center; width: 4.20595%; background-color: #d9d9d9;\"><strong>2015<\/strong><\/td>\n<td style=\"height: 24px; text-align: center; width: 4.85859%;\"><strong>13<\/strong><\/td>\n<td style=\"height: 24px; text-align: center; width: 1.95794%;\"><strong>10<\/strong><\/td>\n<td style=\"height: 24px; text-align: center; width: 4.56853%;\">&#8211;<\/td>\n<td style=\"height: 24px; text-align: center; width: 4.64104%;\"><strong>-10<\/strong><\/td>\n<td style=\"height: 24px; width: 25.0181%; text-align: left;\"><\/td>\n<td style=\"height: 24px; width: 12.6178%; text-align: left;\"><span style=\"font-size: 10pt;\">= 1001 + 10 &#8211; 10<\/span><\/td>\n<td style=\"height: 24px; text-align: center; width: 2.71936%;\"><span style=\"font-size: 10pt;\"><strong>1001<\/strong><\/span><\/td>\n<td style=\"height: 24px; text-align: center; width: 10.0073%;\"><span style=\"color: #993300;\"><strong>1177<\/strong><\/span><\/td>\n<\/tr>\n<tr style=\"height: 24px;\">\n<td style=\"height: 24px; text-align: center; width: 4.20595%; background-color: #d9d9d9;\"><strong>2016<\/strong><\/td>\n<td style=\"height: 24px; text-align: center; width: 4.85859%;\"><strong>14<\/strong><\/td>\n<td style=\"height: 24px; text-align: center; width: 1.95794%;\"><strong>10<\/strong><\/td>\n<td style=\"height: 24px; text-align: center; width: 4.56853%;\">&#8211;<\/td>\n<td style=\"height: 24px; text-align: center; width: 4.64104%;\"><strong>-10<\/strong><\/td>\n<td style=\"height: 24px; width: 25.0181%; text-align: left;\"><\/td>\n<td style=\"height: 24px; width: 12.6178%; text-align: left;\"><span style=\"font-size: 10pt;\">= 1001 + 10 &#8211; 10<\/span><\/td>\n<td style=\"height: 24px; text-align: center; width: 2.71936%;\"><span style=\"font-size: 10pt;\"><strong>1001<\/strong><\/span><\/td>\n<td style=\"height: 24px; text-align: center; width: 10.0073%;\"><span style=\"color: #993300;\"><strong>1187<\/strong><\/span><\/td>\n<\/tr>\n<tr style=\"height: 24px;\">\n<td style=\"height: 24px; text-align: center; width: 4.20595%; background-color: #d9d9d9;\"><strong>2017<\/strong><\/td>\n<td style=\"height: 24px; text-align: center; width: 4.85859%;\"><strong>15<\/strong><\/td>\n<td style=\"height: 24px; text-align: center; width: 1.95794%;\"><strong>12<\/strong><\/td>\n<td style=\"height: 24px; text-align: center; width: 4.56853%;\">&#8211;<\/td>\n<td style=\"height: 24px; text-align: center; width: 4.64104%;\"><strong>-12<\/strong><\/td>\n<td style=\"height: 24px; width: 25.0181%; text-align: left;\"><\/td>\n<td style=\"height: 24px; width: 12.6178%; text-align: left;\"><span style=\"font-size: 10pt;\">= 1001 + 12 &#8211; 12<\/span><\/td>\n<td style=\"height: 24px; text-align: center; width: 2.71936%;\"><span style=\"font-size: 10pt;\"><strong>1001<\/strong><\/span><\/td>\n<td style=\"height: 24px; text-align: center; width: 10.0073%;\"><span style=\"color: #993300;\"><strong>1199<\/strong><\/span><\/td>\n<\/tr>\n<tr style=\"height: 24px;\">\n<td style=\"height: 24px; text-align: center; width: 4.20595%; background-color: #d9d9d9;\"><strong>2018<\/strong><\/td>\n<td style=\"height: 24px; text-align: center; width: 4.85859%;\"><strong>16<\/strong><\/td>\n<td style=\"height: 24px; text-align: center; width: 1.95794%;\"><strong>11<\/strong><\/td>\n<td style=\"height: 24px; text-align: center; width: 4.56853%;\">&#8211;<\/td>\n<td style=\"height: 24px; text-align: center; width: 4.64104%;\"><strong>-11<\/strong><\/td>\n<td style=\"height: 24px; width: 25.0181%; text-align: left;\"><\/td>\n<td style=\"height: 24px; width: 12.6178%; text-align: left;\"><span style=\"font-size: 10pt;\">= 1001 + 11 &#8211; 11<\/span><\/td>\n<td style=\"height: 24px; text-align: center; width: 2.71936%;\"><span style=\"font-size: 10pt;\"><strong>1001<\/strong><\/span><\/td>\n<td style=\"height: 24px; text-align: center; width: 10.0073%;\"><span style=\"color: #993300;\"><strong>1210<\/strong><\/span><\/td>\n<\/tr>\n<tr style=\"height: 24px;\">\n<td style=\"height: 24px; text-align: center; width: 4.20595%; background-color: #d9d9d9;\"><strong>2019<\/strong><\/td>\n<td style=\"height: 24px; text-align: center; width: 4.85859%;\"><strong>17<\/strong><\/td>\n<td style=\"height: 24px; text-align: center; width: 1.95794%;\"><strong>12<\/strong><\/td>\n<td style=\"height: 24px; text-align: center; width: 4.56853%;\">&#8211;<\/td>\n<td style=\"height: 24px; text-align: center; width: 4.64104%;\"><strong>-12<\/strong><\/td>\n<td style=\"height: 24px; width: 25.0181%; text-align: left;\"><\/td>\n<td style=\"height: 24px; width: 12.6178%; text-align: left;\"><span style=\"font-size: 10pt;\">= 1001 + 12 &#8211; 12<\/span><\/td>\n<td style=\"height: 24px; text-align: center; width: 2.71936%;\"><span style=\"font-size: 10pt;\"><strong>1001<\/strong><\/span><\/td>\n<td style=\"height: 24px; text-align: center; width: 10.0073%;\"><span style=\"color: #993300;\"><strong>1222<\/strong><\/span><\/td>\n<\/tr>\n<tr style=\"height: 72px;\">\n<td style=\"height: 73px; text-align: center; width: 4.20595%; background-color: #d9d9d9;\"><strong>2020<\/strong><\/td>\n<td style=\"height: 73px; text-align: center; width: 4.85859%;\"><strong>18<\/strong><\/td>\n<td style=\"height: 73px; text-align: center; width: 1.95794%;\"><strong>13<\/strong><\/td>\n<td style=\"height: 73px; text-align: center; width: 4.56853%;\">&#8211;<\/td>\n<td style=\"height: 73px; text-align: center; width: 4.64104%;\"><strong>-11<\/strong><\/td>\n<td style=\"height: 73px; width: 25.0181%; text-align: left;\"><em>\u00ab\u00a0Toy Story 4\u00a0\u00bb inclus dans la trilogie \u00ab\u00a0Toy Story\u00a0\u00bb (d\u00e9sormais t\u00e9tralogie) (-1)<\/em><br \/>\n<em>\u00ab\u00a0Avengers &#8211; Endgame\u00a0\u00bb combin\u00e9 avec \u00ab\u00a0Avengers &#8211; Infinity War\u00a0\u00bb (pour conclure le diptyque) (-1)<\/em><\/td>\n<td style=\"height: 73px; width: 12.6178%; text-align: left;\"><span style=\"font-size: 10pt;\">= 1001 + 13 &#8211; 11 &#8211; 1 &#8211; 1<\/span><\/td>\n<td style=\"height: 73px; text-align: center; width: 2.71936%;\"><span style=\"font-size: 10pt;\"><strong>1001<\/strong><\/span><\/td>\n<td style=\"height: 73px; text-align: center; width: 10.0073%;\"><span style=\"color: #993300;\"><strong>1235<\/strong><\/span><\/td>\n<\/tr>\n<tr style=\"height: 24px;\">\n<td style=\"height: 24px; text-align: center; width: 4.20595%; background-color: #d9d9d9;\"><strong>2021<\/strong><\/td>\n<td style=\"height: 24px; text-align: center; width: 4.85859%;\"><strong>19<\/strong><\/td>\n<td style=\"height: 24px; text-align: center; width: 1.95794%;\"><strong>10<\/strong><\/td>\n<td style=\"height: 24px; text-align: center; width: 4.56853%;\">&#8211;<\/td>\n<td style=\"height: 24px; text-align: center; width: 4.64104%;\"><strong>-10<\/strong><\/td>\n<td style=\"height: 24px; width: 25.0181%; text-align: left;\"><\/td>\n<td style=\"height: 24px; width: 12.6178%; text-align: left;\"><span style=\"font-size: 10pt;\">= 1001 + 10 &#8211; 10<\/span><\/td>\n<td style=\"height: 24px; text-align: center; width: 2.71936%;\"><span style=\"font-size: 10pt;\"><strong>1001<\/strong><\/span><\/td>\n<td style=\"height: 24px; text-align: center; width: 10.0073%;\"><span style=\"color: #993300;\"><strong>1245<\/strong><\/span><\/td>\n<\/tr>\n<\/tbody>\n<\/table>\n","protected":false},"excerpt":{"rendered":"<p>Ann\u00e9e \u00c9dition Ajout Retour Retrait Commentaires Calcul R\u00e9sultat Total cumul\u00e9 2003 1 1003 &#8211; &#8211; \u00ab\u00a0Ivan le terrible\u00a0\u00bb 1 et 2 &#8211; deux films, une entr\u00e9e (-1) \u00ab\u00a0Les dieux du stade (Olympia)\u00a0\u00bb 1 et 2 : deux films, une entr\u00e9e (-1) = 1003 &#8211; 1 &#8211; 1 1001 1003 2004 2 2 &#8211; -2 = 1001 + 2 &#8211; 2&#46;&#46;&#46;<\/p>\n","protected":false},"author":1,"featured_media":0,"parent":0,"menu_order":0,"comment_status":"closed","ping_status":"closed","template":"","meta":{"inline_featured_image":false,"footnotes":""},"class_list":["post-34243","page","type-page","status-publish","hentry"],"_links":{"self":[{"href":"https:\/\/joubjoub.fr\/1001films\/wp-json\/wp\/v2\/pages\/34243","targetHints":{"allow":["GET"]}}],"collection":[{"href":"https:\/\/joubjoub.fr\/1001films\/wp-json\/wp\/v2\/pages"}],"about":[{"href":"https:\/\/joubjoub.fr\/1001films\/wp-json\/wp\/v2\/types\/page"}],"author":[{"embeddable":true,"href":"https:\/\/joubjoub.fr\/1001films\/wp-json\/wp\/v2\/users\/1"}],"replies":[{"embeddable":true,"href":"https:\/\/joubjoub.fr\/1001films\/wp-json\/wp\/v2\/comments?post=34243"}],"version-history":[{"count":19,"href":"https:\/\/joubjoub.fr\/1001films\/wp-json\/wp\/v2\/pages\/34243\/revisions"}],"predecessor-version":[{"id":34263,"href":"https:\/\/joubjoub.fr\/1001films\/wp-json\/wp\/v2\/pages\/34243\/revisions\/34263"}],"wp:attachment":[{"href":"https:\/\/joubjoub.fr\/1001films\/wp-json\/wp\/v2\/media?parent=34243"}],"curies":[{"name":"wp","href":"https:\/\/api.w.org\/{rel}","templated":true}]}}