{"id":34346,"date":"2023-06-03T22:09:49","date_gmt":"2023-06-03T20:09:49","guid":{"rendered":"https:\/\/joubjoub.fr\/1001films\/?page_id=34346"},"modified":"2023-06-25T21:28:14","modified_gmt":"2023-06-25T19:28:14","slug":"edition-2008","status":"publish","type":"page","link":"https:\/\/joubjoub.fr\/1001films\/edition-2008\/","title":{"rendered":"\u00c9dition 2008"},"content":{"rendered":"<table style=\"border-collapse: collapse; width: 100%;\">\n<tbody>\n<tr>\n<td style=\"text-align: left; vertical-align: top;\">Liste des <strong>13<\/strong>\u00a0nouveaux films qui font leur entr\u00e9e dans cette nouvelle \u00e9dition :<\/p>\n<ol>\n<li><a href=\".\/uzak\/\">Uzak<\/a><\/li>\n<li><a href=\".\/le-chemin-de-la-liberte\/\">Le chemin de la libert\u00e9<\/a><\/li>\n<li><a href=\".\/irreversible\/\">Irr\u00e9versible<\/a><\/li>\n<li><a href=\".\/head-on\/\">Head-On<\/a><\/li>\n<li><a href=\".\/locataires\/\">Locataires<\/a><\/li>\n<li><a href=\".\/once\/\">Once<\/a><\/li>\n<li><a href=\".\/the-host\/\">The Host<\/a><\/li>\n<li><a href=\".\/no-country-for-old-men\/\">No Country for Old Men<\/a><\/li>\n<li><a href=\".\/le-scaphandre-et-le-papillon\/\">Le scaphandre et le papillon<\/a><\/li>\n<li><a href=\".\/there-will-be-blood\/\">There Will Be Blood<\/a><\/li>\n<li><a href=\".\/la-mome\/\">La m\u00f4me<\/a><\/li>\n<li><a href=\".\/into-the-wild\/\">Into the Wild<\/a><\/li>\n<li><a href=\".\/reviens-moi\/\">Reviens-moi<\/a><\/li>\n<\/ol>\n<p>Liste des <strong>5<\/strong> films qui font leur retour :<\/p>\n<ol>\n<li><a href=\".\/audition\/\">Audition<\/a><\/li>\n<li><a href=\".\/la-cite-de-dieu\/\">La cit\u00e9\u00a0de Dieu<\/a><\/li>\n<li><a href=\".\/parle-avec-elle\/\">Parle avec elle<\/a><\/li>\n<li><a href=\".\/kill-bill-volume-1\/\">Kill Bill : Volume 1<\/a><\/li>\n<li><a href=\".\/la-passion-du-christ\/\">La Passion du Christ<\/a><\/li>\n<\/ol>\n<\/td>\n<td style=\"text-align: center; vertical-align: top; width: 290px;\"><img decoding=\"async\" class=\"wp-image-28864\" src=\"https:\/\/joubjoub.fr\/wp-content\/uploads\/movies\/ed2008\/1001films_04_ed2008_fr.jpg\" alt=\"\" width=\"285\" height=\"381\" \/><img decoding=\"async\" class=\"wp-image-28864\" src=\"https:\/\/joubjoub.fr\/wp-content\/uploads\/movies\/ed2008\/1001movies_ed2008.jpg\" alt=\"\" width=\"286\" height=\"377\" \/><\/td>\n<\/tr>\n<\/tbody>\n<\/table>\n","protected":false},"excerpt":{"rendered":"<p>Liste des 13\u00a0nouveaux films qui font leur entr\u00e9e dans cette nouvelle \u00e9dition : Uzak Le chemin de la libert\u00e9 Irr\u00e9versible Head-On Locataires Once The Host No Country for Old Men Le scaphandre et le papillon There Will Be Blood La m\u00f4me Into the Wild Reviens-moi Liste des 5 films qui font leur retour : Audition La cit\u00e9\u00a0de Dieu Parle avec&#46;&#46;&#46;<\/p>\n","protected":false},"author":1,"featured_media":0,"parent":0,"menu_order":0,"comment_status":"open","ping_status":"closed","template":"","meta":{"inline_featured_image":false,"footnotes":""},"class_list":["post-34346","page","type-page","status-publish","hentry"],"_links":{"self":[{"href":"https:\/\/joubjoub.fr\/1001films\/wp-json\/wp\/v2\/pages\/34346","targetHints":{"allow":["GET"]}}],"collection":[{"href":"https:\/\/joubjoub.fr\/1001films\/wp-json\/wp\/v2\/pages"}],"about":[{"href":"https:\/\/joubjoub.fr\/1001films\/wp-json\/wp\/v2\/types\/page"}],"author":[{"embeddable":true,"href":"https:\/\/joubjoub.fr\/1001films\/wp-json\/wp\/v2\/users\/1"}],"replies":[{"embeddable":true,"href":"https:\/\/joubjoub.fr\/1001films\/wp-json\/wp\/v2\/comments?post=34346"}],"version-history":[{"count":8,"href":"https:\/\/joubjoub.fr\/1001films\/wp-json\/wp\/v2\/pages\/34346\/revisions"}],"predecessor-version":[{"id":34639,"href":"https:\/\/joubjoub.fr\/1001films\/wp-json\/wp\/v2\/pages\/34346\/revisions\/34639"}],"wp:attachment":[{"href":"https:\/\/joubjoub.fr\/1001films\/wp-json\/wp\/v2\/media?parent=34346"}],"curies":[{"name":"wp","href":"https:\/\/api.w.org\/{rel}","templated":true}]}}