{"id":34449,"date":"2023-06-04T16:05:33","date_gmt":"2023-06-04T14:05:33","guid":{"rendered":"https:\/\/joubjoub.fr\/1001films\/?page_id=34449"},"modified":"2023-06-25T21:25:54","modified_gmt":"2023-06-25T19:25:54","slug":"edition-2012","status":"publish","type":"page","link":"https:\/\/joubjoub.fr\/1001films\/edition-2012\/","title":{"rendered":"\u00c9dition 2012"},"content":{"rendered":"<table style=\"border-collapse: collapse; width: 100%;\">\n<tbody>\n<tr>\n<td style=\"text-align: left; vertical-align: top;\">Liste des <strong>14<\/strong>\u00a0nouveaux films qui font leur entr\u00e9e dans cette nouvelle \u00e9dition :<\/p>\n<ol>\n<li><a href=\".\/senna\/\">Senna<\/a><\/li>\n<li><a href=\".\/le-havre\/\">Le Havre<\/a><\/li>\n<li><a href=\".\/shame\/\">Shame<\/a><\/li>\n<li><a href=\".\/une-separation\/\">Une s\u00e9paration<\/a><\/li>\n<li><a href=\".\/the-tree-of-life\/\">The Tree of Life<\/a><\/li>\n<li><a href=\".\/drive\/\">Drive<\/a><\/li>\n<li><a href=\".\/la-taupe\/\">La taupe<\/a><\/li>\n<li><a href=\".\/mes-meilleures-amies\/\">Mes meilleures amies<\/a><\/li>\n<li><a href=\".\/le-gamin-au-velo\/\">Le gamin au v\u00e9lo<\/a><\/li>\n<li><a href=\".\/the-artist\/\">The Artist<\/a><\/li>\n<li><a href=\".\/millenium-les-ho\u2026t-pas-les-femmes\/\">Mill\u00e9nium : les hommes qui n&rsquo;aimaient pas les femmes<\/a><\/li>\n<li><a href=\".\/cheval-de-guerre\/\">Cheval de guerre<\/a><\/li>\n<li><a href=\".\/the-descendants\/\">The Descendants<\/a><\/li>\n<li><a href=\".\/hugo-cabret\/\">Hugo Cabret<\/a><\/li>\n<\/ol>\n<\/td>\n<td style=\"text-align: center; vertical-align: top; width: 290px;\"><img decoding=\"async\" class=\"wp-image-28864\" src=\"https:\/\/joubjoub.fr\/wp-content\/uploads\/movies\/ed2012\/1001films_08_ed2012_fr.jpg\" alt=\"\" width=\"285\" height=\"381\" \/><img decoding=\"async\" class=\"wp-image-28864\" src=\"https:\/\/joubjoub.fr\/wp-content\/uploads\/movies\/ed2012\/1001movies_ed2012.jpg\" alt=\"\" width=\"286\" height=\"377\" \/><\/td>\n<\/tr>\n<\/tbody>\n<\/table>\n","protected":false},"excerpt":{"rendered":"<p>Liste des 14\u00a0nouveaux films qui font leur entr\u00e9e dans cette nouvelle \u00e9dition : Senna Le Havre Shame Une s\u00e9paration The Tree of Life Drive La taupe Mes meilleures amies Le gamin au v\u00e9lo The Artist Mill\u00e9nium : les hommes qui n&rsquo;aimaient pas les femmes Cheval de guerre The Descendants Hugo Cabret<\/p>\n","protected":false},"author":1,"featured_media":0,"parent":0,"menu_order":0,"comment_status":"open","ping_status":"closed","template":"","meta":{"inline_featured_image":false,"footnotes":""},"class_list":["post-34449","page","type-page","status-publish","hentry"],"_links":{"self":[{"href":"https:\/\/joubjoub.fr\/1001films\/wp-json\/wp\/v2\/pages\/34449","targetHints":{"allow":["GET"]}}],"collection":[{"href":"https:\/\/joubjoub.fr\/1001films\/wp-json\/wp\/v2\/pages"}],"about":[{"href":"https:\/\/joubjoub.fr\/1001films\/wp-json\/wp\/v2\/types\/page"}],"author":[{"embeddable":true,"href":"https:\/\/joubjoub.fr\/1001films\/wp-json\/wp\/v2\/users\/1"}],"replies":[{"embeddable":true,"href":"https:\/\/joubjoub.fr\/1001films\/wp-json\/wp\/v2\/comments?post=34449"}],"version-history":[{"count":6,"href":"https:\/\/joubjoub.fr\/1001films\/wp-json\/wp\/v2\/pages\/34449\/revisions"}],"predecessor-version":[{"id":34635,"href":"https:\/\/joubjoub.fr\/1001films\/wp-json\/wp\/v2\/pages\/34449\/revisions\/34635"}],"wp:attachment":[{"href":"https:\/\/joubjoub.fr\/1001films\/wp-json\/wp\/v2\/media?parent=34449"}],"curies":[{"name":"wp","href":"https:\/\/api.w.org\/{rel}","templated":true}]}}