{"id":34464,"date":"2023-06-04T20:43:08","date_gmt":"2023-06-04T18:43:08","guid":{"rendered":"https:\/\/joubjoub.fr\/1001films\/?page_id=34464"},"modified":"2023-06-04T20:44:57","modified_gmt":"2023-06-04T18:44:57","slug":"edition-2013","status":"publish","type":"page","link":"https:\/\/joubjoub.fr\/1001films\/edition-2013\/","title":{"rendered":"\u00c9dition 2013"},"content":{"rendered":"<table style=\"border-collapse: collapse; width: 100%;\">\n<tbody>\n<tr>\n<td style=\"text-align: left; vertical-align: top;\">Liste des <strong>49<\/strong>\u00a0nouveaux films qui font leur entr\u00e9e dans cette nouvelle \u00e9dition :<\/p>\n<ol>\n<li><a href=\".\/toy-story-2\/\">Toy Story 2<\/a><\/li>\n<li><a href=\".\/toy-story-3\/\">Toy Story 3<\/a><\/li>\n<li><a href=\".\/leternel-silence\/\">L&rsquo;\u00e9ternel silence<\/a><\/li>\n<li><a href=\".\/the-eagle\/\">The Eagle<\/a><\/li>\n<li><a href=\".\/les-aventures-du-prince-ahmed\/\">Les aventures du prince Ahmed<\/a><\/li>\n<li><a href=\".\/la-partie-de-des\/\">La partie de d\u00e9s<\/a><\/li>\n<li><a href=\".\/limite\/\">Limite<\/a><\/li>\n<li><a href=\".\/the-goddess\/\">The Goddess<\/a><\/li>\n<li><a href=\".\/peter-ibbetson\/\">Peter Ibbetson<\/a><\/li>\n<li><a href=\".\/une-femme-disparait\/\">Une femme dispara\u00eet<\/a><\/li>\n<li><a href=\".\/madame-miniver\/\">Madame Miniver<\/a><\/li>\n<li><a href=\".\/monika\/\">Monika<\/a><\/li>\n<li><a href=\".\/lhomme-au-bras-dor\/\">L&rsquo;homme au bras d&rsquo;or<\/a><\/li>\n<li><a href=\".\/oklahoma\/\">Oklahoma!<\/a><\/li>\n<li><a href=\".\/comme-un-torrent\/\">Comme un torrent<\/a><\/li>\n<li><a href=\".\/the-exiles\/\">The Exiles<\/a><\/li>\n<li><a href=\".\/lange-exterminateur\/\">L&rsquo;Ange exterminateur<\/a><\/li>\n<li><a href=\".\/mary-poppins\/\">Mary Poppins<\/a><\/li>\n<li><a href=\".\/les-diables\/\">Les diables<\/a><\/li>\n<li><a href=\".\/lhomme-sans-frontiere\/\">L&rsquo;homme sans fronti\u00e8re<\/a><\/li>\n<li><a href=\".\/reveil-dans-la-terreur\/\">R\u00e9veil dans la terreur<\/a><\/li>\n<li><a href=\".\/verites-et-mensonges\/\">V\u00e9rit\u00e9s et Mensonges<\/a><\/li>\n<li><a href=\".\/la-tour-infernale\/\">La Tour infernale<\/a><\/li>\n<li><a href=\".\/sleeping-dogs\/\">Sleeping Dogs<\/a><\/li>\n<li><a href=\".\/le-christ-sest-arrete-a-eboli\/\">Le Christ s&rsquo;est arr\u00eat\u00e9 \u00e0 Eboli<\/a><\/li>\n<li><a href=\".\/diva\/\">Diva<\/a><\/li>\n<li><a href=\".\/meurtre-dans-un-jardin-anglais\/\">Meurtre dans un jardin anglais<\/a><\/li>\n<li><a href=\".\/local-hero\/\">Local Hero<\/a><\/li>\n<li><a href=\".\/wall-street\/\">Wall Street<\/a><\/li>\n<li><a href=\".\/robocop\/\">RoboCop<\/a><\/li>\n<li><a href=\".\/faux-semblants\/\">Faux-semblants<\/a><\/li>\n<li><a href=\".\/distant-voices-still-lives\/\">Distant Voices, Still Lives<\/a><\/li>\n<li><a href=\".\/jusquau-bout-du-reve\/\">Jusqu&rsquo;au bout du r\u00eave<\/a><\/li>\n<li><a href=\".\/hana-bi-feux-dartifice\/\">Hana-bi &#8211; Feux d&rsquo;artifice<\/a><\/li>\n<li><a href=\".\/bowling-for-columbine\/\">Bowling for Columbine<\/a><\/li>\n<li><a href=\".\/elephant\/\">Elephant<\/a><\/li>\n<li><a href=\".\/aileen-life-and-\u2026-a-serial-killer\/\">Aileen: Life and Death of a Serial Killer<\/a><\/li>\n<li><a href=\".\/osama\/\">Osama<\/a><\/li>\n<li><a href=\".\/les-consequences-de-lamour\/\">Les cons\u00e9quences de l&rsquo;amour<\/a><\/li>\n<li><a href=\".\/moolaade\/\">Moolaad\u00e9<\/a><\/li>\n<li><a href=\".\/la-grotte-des-reves-perdus\/\">La grotte des r\u00eaves perdus<\/a><\/li>\n<li><a href=\".\/la-cabane-dans-les-bois\/\">La cabane dans les bois<\/a><\/li>\n<li><a href=\".\/les-miserables\/\">Les mis\u00e9rables<\/a><\/li>\n<li><a href=\".\/amour\/\">Amour<\/a><\/li>\n<li><a href=\".\/argo\/\">Argo<\/a><\/li>\n<li><a href=\".\/lincoln\/\">Lincoln<\/a><\/li>\n<li><a href=\".\/skyfall\/\">Skyfall<\/a><\/li>\n<li><a href=\".\/django-unchained\/\">Django Unchained<\/a><\/li>\n<li><a href=\".\/lodyssee-de-pi\/\">L&rsquo;odyss\u00e9e de Pi<\/a><\/li>\n<\/ol>\n<\/td>\n<td style=\"text-align: center; vertical-align: top; width: 290px;\"><img decoding=\"async\" class=\"wp-image-28864\" src=\"https:\/\/joubjoub.fr\/wp-content\/uploads\/movies\/ed2013\/1001films_09_ed2013_fr.jpg\" alt=\"\" width=\"285\" height=\"381\" \/><img decoding=\"async\" class=\"wp-image-28864\" src=\"https:\/\/joubjoub.fr\/wp-content\/uploads\/movies\/ed2013\/1001movies_ed2013.jpg\" alt=\"\" width=\"286\" height=\"377\" \/><\/td>\n<\/tr>\n<\/tbody>\n<\/table>\n","protected":false},"excerpt":{"rendered":"<p>Liste des 49\u00a0nouveaux films qui font leur entr\u00e9e dans cette nouvelle \u00e9dition : Toy Story 2 Toy Story 3 L&rsquo;\u00e9ternel silence The Eagle Les aventures du prince Ahmed La partie de d\u00e9s Limite The Goddess Peter Ibbetson Une femme dispara\u00eet Madame Miniver Monika L&rsquo;homme au bras d&rsquo;or Oklahoma! Comme un torrent The Exiles L&rsquo;Ange exterminateur Mary Poppins Les diables L&rsquo;homme&#46;&#46;&#46;<\/p>\n","protected":false},"author":1,"featured_media":0,"parent":0,"menu_order":0,"comment_status":"open","ping_status":"closed","template":"","meta":{"inline_featured_image":false,"footnotes":""},"class_list":["post-34464","page","type-page","status-publish","hentry"],"_links":{"self":[{"href":"https:\/\/joubjoub.fr\/1001films\/wp-json\/wp\/v2\/pages\/34464","targetHints":{"allow":["GET"]}}],"collection":[{"href":"https:\/\/joubjoub.fr\/1001films\/wp-json\/wp\/v2\/pages"}],"about":[{"href":"https:\/\/joubjoub.fr\/1001films\/wp-json\/wp\/v2\/types\/page"}],"author":[{"embeddable":true,"href":"https:\/\/joubjoub.fr\/1001films\/wp-json\/wp\/v2\/users\/1"}],"replies":[{"embeddable":true,"href":"https:\/\/joubjoub.fr\/1001films\/wp-json\/wp\/v2\/comments?post=34464"}],"version-history":[{"count":2,"href":"https:\/\/joubjoub.fr\/1001films\/wp-json\/wp\/v2\/pages\/34464\/revisions"}],"predecessor-version":[{"id":34466,"href":"https:\/\/joubjoub.fr\/1001films\/wp-json\/wp\/v2\/pages\/34464\/revisions\/34466"}],"wp:attachment":[{"href":"https:\/\/joubjoub.fr\/1001films\/wp-json\/wp\/v2\/media?parent=34464"}],"curies":[{"name":"wp","href":"https:\/\/api.w.org\/{rel}","templated":true}]}}