{"id":34839,"date":"2023-07-16T13:31:41","date_gmt":"2023-07-16T11:31:41","guid":{"rendered":"https:\/\/joubjoub.fr\/1001films\/?page_id=34839"},"modified":"2023-08-31T09:03:47","modified_gmt":"2023-08-31T07:03:47","slug":"et-a-la-fin-ca-finit-mal","status":"publish","type":"page","link":"https:\/\/joubjoub.fr\/1001films\/et-a-la-fin-ca-finit-mal\/","title":{"rendered":"Et \u00e0 la fin&#8230; \u00e7a finit mal"},"content":{"rendered":"<p>Les films qui se terminent bien, c&rsquo;est ringard. Une fin bien tragique, c&rsquo;est plus int\u00e9ressant !<\/p>\n<p><strong>Ne lisez pas la suite, si vous ne souhaitez pas conna\u00eetre la fin.<\/strong><\/p>\n<p>&nbsp;<\/p>\n<p><span style=\"color: #800000; font-size: 18pt;\"><em><q><strong>La vie, \u00e7a finit toujours mal.\u00a0<\/strong><\/q><\/em><\/span><br \/>\n<span style=\"font-size: 14pt;\">Marcel Aym\u00e9 (<em><q><strong>Les oiseaux de lune<\/strong><\/q> &#8211; Pi\u00e8ce de th\u00e9\u00e2tre en quatre actes de 1955<\/em>)<\/span><\/p>\n<p>&nbsp;<\/p>\n<p>&nbsp;<\/p>\n<hr \/>\n<p>&nbsp;<\/p>\n<p>&nbsp;<\/p>\n<p>&nbsp;<\/p>\n<p>&nbsp;<\/p>\n<ul>\n<li>A Star is Born (2018)\n<ul>\n<li><span style=\"font-size: 11pt;\">Jackson prend des pilules et se suicide en se pendant.<\/span><\/li>\n<\/ul>\n<\/li>\n<li>American Beauty<\/li>\n<li>Avengers: Infinity War\n<ul>\n<li><span style=\"font-size: 11pt;\">Thanos a atteint son but\u00a0: la moiti\u00e9 des \u00eatres \u00e0 travers l&rsquo;univers se d\u00e9sint\u00e8grent.<\/span><\/li>\n<\/ul>\n<\/li>\n<li>Barry Lindon<\/li>\n<li>Black Swan<\/li>\n<li>Brazil<\/li>\n<li>Carrie<\/li>\n<li>Gladiator<\/li>\n<li>Into the Wild\n<ul>\n<li><span style=\"font-size: 11pt;\">Affam\u00e9, Chris se base sur son guide botanique qu&rsquo;il interpr\u00e8te mal et s&#8217;empoisonne accidentellement en mangeant des graines toxiques.<\/span><\/li>\n<\/ul>\n<\/li>\n<li>La plan\u00e8te des singes (1968)\n<ul>\n<li><span style=\"font-size: 11pt;\">Taylor d\u00e9couvre horrifi\u00e9 les vestiges \u00e0 moiti\u00e9 ensevelis de la\u00a0statue de la Libert\u00e9, ce qui lui fait prendre conscience que la plan\u00e8te o\u00f9 il a \u00e9chou\u00e9 n&rsquo;est autre que la Terre. Plein de d\u00e9sespoir, Taylor tombe \u00e0 genoux tout en fustigeant l&rsquo;humanit\u00e9 pour avoir d\u00e9truit son propre monde<sup id=\"cite_ref-Heurtel_4-7\" class=\"reference\"><\/sup>.<\/span><\/li>\n<\/ul>\n<\/li>\n<li>La vie est belle<\/li>\n<li>Le cercle des po\u00e8tes disparus<\/li>\n<li>Le secret de Brokeback Mountain<\/li>\n<li>Le tombeau des lucioles<\/li>\n<li>Les infiltr\u00e9s<\/li>\n<li>Les sentiers de la gloire<\/li>\n<li>Million Dollar Baby\n<ul>\n<li><span style=\"font-size: 11pt;\">Maggie supplie Franck d&rsquo;abr\u00e9ger ses souffrances et commet plusieurs tentatives de suicide. Finalement, apr\u00e8s de longues h\u00e9sitations, Franck c\u00e8de \u00e0 son insistance et accepte de l&rsquo;euthanasier : il lui d\u00e9voile enfin la signification de \u00ab\u00a0mo cuishle\u00a0\u00bb (mon amour, mon sang) avant de lui injecter une dose mortelle d&rsquo;adr\u00e9naline.<\/span><\/li>\n<\/ul>\n<\/li>\n<li>Moulin rouge\n<ul>\n<li><span style=\"font-size: 11pt;\">Satine succombe \u00e0 la phtisie.<\/span><\/li>\n<\/ul>\n<\/li>\n<li>Requiem for a Dream<\/li>\n<li>Reviens-moi<\/li>\n<li>Rome, ville ouverte<\/li>\n<li>Scarface (1983)\n<ul>\n<li><span style=\"font-size: 11pt;\">Tony Montana arrive sur le balcon et mitraille les hommes de Sosa, qui ripostent. Touch\u00e9 de plusieurs balles, mais rendu insensible gr\u00e2ce \u00e0 la coca\u00efne et l&rsquo;adr\u00e9naline, Tony continue \u00e0 les d\u00e9fier jusqu&rsquo;\u00e0 ce qu&rsquo;il soit achev\u00e9, d&rsquo;un tir dans le dos, par un des hommes de Sosa.<\/span><\/li>\n<\/ul>\n<\/li>\n<li>The Constant Gardener<\/li>\n<li>The Dark Knight &#8211; Le chevalier noir<\/li>\n<li>The Thing\n<ul>\n<li><span style=\"font-size: 11pt;\">\u00c9puis\u00e9s et se sachant condamn\u00e9s par le froid, MacReady et Childs reconnaissent la futilit\u00e9 de leur m\u00e9fiance mutuelle et partagent une bouteille de whisky \u00e9cossais.<\/span><\/li>\n<\/ul>\n<\/li>\n<li>Thelma et Louise<\/li>\n<li>Titanic\n<ul>\n<li><span style=\"font-size: 11pt;\">Les deux amants se retrouvent dans l&rsquo;eau glac\u00e9e et trouvent pour refuge une pi\u00e8ce de boiserie. Seule Rose peut y prendre place sans la faire couler. Pour la sauver, Jack accepte alors son sort en restant dans une eau d&rsquo;\u00e0 peine 1 degr\u00e9, sachant qu&rsquo;il n&rsquo;a plus aucune chance de survie. Comme la majorit\u00e9 des 1 500 victimes de la catastrophe, il finit par mourir d&rsquo;hypothermie.<\/span><\/li>\n<\/ul>\n<\/li>\n<li>Vid\u00e9odrome<\/li>\n<li>Vol au-dessus d&rsquo;un nid de coucou\n<ul>\n<li><span style=\"font-size: 11pt;\">La direction durcit finalement sa r\u00e9action face aux perturbations et d\u00e9cide de lobotomiser McMurphy. Apr\u00e8s l&rsquo;op\u00e9ration, le \u00ab Chef \u00bb le retrouve dans un \u00e9tat v\u00e9g\u00e9tatif ; ne voyant plus de solution, il le serre dans ses bras en lui disant\u00a0<span class=\"citation\">\u00ab\u00a0tu viens avec moi\u00a0\u00bb<\/span>\u00a0et l\u2019\u00e9touffe avec un oreiller afin de lui \u00e9viter de vivre dans cet \u00e9tat pour le reste de sa vie.<\/span><\/li>\n<\/ul>\n<\/li>\n<\/ul>\n","protected":false},"excerpt":{"rendered":"<p>Les films qui se terminent bien, c&rsquo;est ringard. Une fin bien tragique, c&rsquo;est plus int\u00e9ressant ! Ne lisez pas la suite, si vous ne souhaitez pas conna\u00eetre la fin. &nbsp; La vie, \u00e7a finit toujours mal.\u00a0 Marcel Aym\u00e9 (Les oiseaux de lune &#8211; Pi\u00e8ce de th\u00e9\u00e2tre en quatre actes de 1955) &nbsp; &nbsp; &nbsp; &nbsp; &nbsp; &nbsp; A Star is&#46;&#46;&#46;<\/p>\n","protected":false},"author":1,"featured_media":0,"parent":0,"menu_order":0,"comment_status":"closed","ping_status":"closed","template":"","meta":{"inline_featured_image":false,"footnotes":""},"class_list":["post-34839","page","type-page","status-publish","hentry"],"_links":{"self":[{"href":"https:\/\/joubjoub.fr\/1001films\/wp-json\/wp\/v2\/pages\/34839","targetHints":{"allow":["GET"]}}],"collection":[{"href":"https:\/\/joubjoub.fr\/1001films\/wp-json\/wp\/v2\/pages"}],"about":[{"href":"https:\/\/joubjoub.fr\/1001films\/wp-json\/wp\/v2\/types\/page"}],"author":[{"embeddable":true,"href":"https:\/\/joubjoub.fr\/1001films\/wp-json\/wp\/v2\/users\/1"}],"replies":[{"embeddable":true,"href":"https:\/\/joubjoub.fr\/1001films\/wp-json\/wp\/v2\/comments?post=34839"}],"version-history":[{"count":26,"href":"https:\/\/joubjoub.fr\/1001films\/wp-json\/wp\/v2\/pages\/34839\/revisions"}],"predecessor-version":[{"id":34894,"href":"https:\/\/joubjoub.fr\/1001films\/wp-json\/wp\/v2\/pages\/34839\/revisions\/34894"}],"wp:attachment":[{"href":"https:\/\/joubjoub.fr\/1001films\/wp-json\/wp\/v2\/media?parent=34839"}],"curies":[{"name":"wp","href":"https:\/\/api.w.org\/{rel}","templated":true}]}}