{"id":34869,"date":"2023-07-17T16:29:37","date_gmt":"2023-07-17T14:29:37","guid":{"rendered":"https:\/\/joubjoub.fr\/1001films\/?page_id=34869"},"modified":"2023-07-17T20:25:31","modified_gmt":"2023-07-17T18:25:31","slug":"et-a-la-fin-le-mechant-gagne","status":"publish","type":"page","link":"https:\/\/joubjoub.fr\/1001films\/et-a-la-fin-le-mechant-gagne\/","title":{"rendered":"Et \u00e0 la fin&#8230; le m\u00e9chant gagne"},"content":{"rendered":"<p>Non, les gentils ne triomphent pas syst\u00e9matiquement au cin\u00e9ma. Il existe des films dans lesquels le(s) m\u00e9chant(s) gagne(nt) \u00e0 la fin.<\/p>\n<p>Il est certes difficile de trouver un film dans lequel le gentil ne gagne pas. Bien souvent, le h\u00e9ros arrive \u00e0 surmonter tous les obstacles et \u00e0 battre l&rsquo;ennemi.<\/p>\n<p>Mais parfois&#8230; ce n&rsquo;est pas aussi simple. Et c&rsquo;est le mal qui l&#8217;emporte.<\/p>\n<p>Le pire ? C&rsquo;est que la victoire des m\u00e9chants donne parfois d&rsquo;excellents films&#8230; \u00e0 la morale un peu douteuse.<\/p>\n<p><strong>Ne lisez pas la suite, si vous ne souhaitez pas conna\u00eetre la fin.<\/strong><\/p>\n<p>&nbsp;<\/p>\n<p>&nbsp;<\/p>\n<hr \/>\n<p>&nbsp;<\/p>\n<p>&nbsp;<\/p>\n<p>&nbsp;<\/p>\n<p>&nbsp;<\/p>\n<ul>\n<li>Avengers: Infinity War<\/li>\n<li>Fight Club<\/li>\n<li>Funny Games<\/li>\n<li>L\u2019Empire contre-attaque<\/li>\n<li>L\u2019homme qui voulait savoir<\/li>\n<li>L&rsquo;impasse<\/li>\n<li>La loi du milieu<\/li>\n<li>Le silence des agneaux<\/li>\n<li>Les griffes de la nuit<\/li>\n<li>Memento<\/li>\n<li>No Country for Old Men<\/li>\n<li>Old Boy<\/li>\n<li>Rosemary&rsquo;s Baby<\/li>\n<li>Seven<\/li>\n<li>Tueurs n\u00e9s<\/li>\n<li>Usual suspects<\/li>\n<\/ul>\n","protected":false},"excerpt":{"rendered":"<p>Non, les gentils ne triomphent pas syst\u00e9matiquement au cin\u00e9ma. Il existe des films dans lesquels le(s) m\u00e9chant(s) gagne(nt) \u00e0 la fin. Il est certes difficile de trouver un film dans lequel le gentil ne gagne pas. Bien souvent, le h\u00e9ros arrive \u00e0 surmonter tous les obstacles et \u00e0 battre l&rsquo;ennemi. Mais parfois&#8230; ce n&rsquo;est pas aussi simple. Et c&rsquo;est le&#46;&#46;&#46;<\/p>\n","protected":false},"author":1,"featured_media":0,"parent":0,"menu_order":0,"comment_status":"closed","ping_status":"closed","template":"","meta":{"inline_featured_image":false,"footnotes":""},"class_list":["post-34869","page","type-page","status-publish","hentry"],"_links":{"self":[{"href":"https:\/\/joubjoub.fr\/1001films\/wp-json\/wp\/v2\/pages\/34869","targetHints":{"allow":["GET"]}}],"collection":[{"href":"https:\/\/joubjoub.fr\/1001films\/wp-json\/wp\/v2\/pages"}],"about":[{"href":"https:\/\/joubjoub.fr\/1001films\/wp-json\/wp\/v2\/types\/page"}],"author":[{"embeddable":true,"href":"https:\/\/joubjoub.fr\/1001films\/wp-json\/wp\/v2\/users\/1"}],"replies":[{"embeddable":true,"href":"https:\/\/joubjoub.fr\/1001films\/wp-json\/wp\/v2\/comments?post=34869"}],"version-history":[{"count":6,"href":"https:\/\/joubjoub.fr\/1001films\/wp-json\/wp\/v2\/pages\/34869\/revisions"}],"predecessor-version":[{"id":34886,"href":"https:\/\/joubjoub.fr\/1001films\/wp-json\/wp\/v2\/pages\/34869\/revisions\/34886"}],"wp:attachment":[{"href":"https:\/\/joubjoub.fr\/1001films\/wp-json\/wp\/v2\/media?parent=34869"}],"curies":[{"name":"wp","href":"https:\/\/api.w.org\/{rel}","templated":true}]}}