{"id":35012,"date":"2022-09-12T21:47:18","date_gmt":"2022-09-12T19:47:18","guid":{"rendered":"http:\/\/176.143.180.246\/wordpress\/?page_id=35012"},"modified":"2022-09-12T21:47:18","modified_gmt":"2022-09-12T19:47:18","slug":"episodes-vu-en-2008","status":"publish","type":"page","link":"https:\/\/joubjoub.fr\/blog\/?page_id=35012","title":{"rendered":"\u00c9pisodes vus en 2008"},"content":{"rendered":"<ul>\n<li><em><strong>Nombre de s\u00e9rie TV :<\/strong> 1<\/em><\/li>\n<li><em><strong>Nombre d&rsquo;\u00e9pisodes vus :<\/strong> 21<\/em><\/li>\n<li><em><strong>Temps d&rsquo;\u00e9cran :<\/strong> 924 minutes (soit 15 heures et 24 minutes)<\/em><\/li>\n<\/ul>\n<hr \/>\n<p><img decoding=\"async\" class=\"wp-image-31422 alignright\" src=\"https:\/\/joubjoub.fr\/wp-content\/uploads\/blog\/SeriesTV\/\/2008\/Lost - S03.jpg\" alt=\"\" \/><\/p>\n<p id=\"mctm1-2\" style=\"font-size:24px\"><strong>Lost : Les disparus &#8211; Saison 3 \/ 6<\/strong><\/p>\n<p>La majeure partie de l&rsquo;intrigue met l&rsquo;accent sur le conflit croissant entre les survivants et les \u00ab Autres \u00bb, ainsi que sur le th\u00e8me de l&rsquo;affrontement entre science et foi, symbolis\u00e9 par l&rsquo;antagonisme grandissant de Jack Shephard et John Locke. Alors que certains myst\u00e8res sont r\u00e9solus, de nouvelles questions sont soulev\u00e9es. De nouveaux personnages sont introduits, y compris les survivants de la queue de l&rsquo;avion et d&rsquo;autres habitants de l&rsquo;\u00eele. Des informations sur le caract\u00e8re mythologique de l&rsquo;\u00eele et sur le pass\u00e9 des survivants sont divulgu\u00e9es. La trappe est explor\u00e9e et l&rsquo;existence du Projet Dharma et de son bienfaiteur, la Fondation Hanso, est r\u00e9v\u00e9l\u00e9e. Alors que la v\u00e9rit\u00e9 sur les myst\u00e9rieux \u00ab Autres \u00bb commence \u00e0 \u00eatre d\u00e9voil\u00e9e, un des rescap\u00e9s de l&rsquo;accident trahit les autres naufrag\u00e9s et la cause de l&rsquo;accident du vol Oceanic 815 est d\u00e9couverte.<\/p>\n<ul class=\"links\">\n<li><a title=\"Lost - S03.E03 - Embuscade\" href=\"https:\/\/joubjoub.fr\/blog\/?p=35010\">Lost &#8211; S03.E03 &#8211; Embuscade<\/a><\/li>\n<li><a title=\"Lost - S03.E04 - Une histoire de c\u0153ur\" href=\"https:\/\/joubjoub.fr\/blog\/?p=35008\">Lost &#8211; S03.E04 &#8211; Une histoire de c\u0153ur<\/a><\/li>\n<li><a title=\"Lost - S03.E05 - L'heure du jugement\" href=\"https:\/\/joubjoub.fr\/blog\/?p=35006\">Lost &#8211; S03.E05 &#8211; L&rsquo;heure du jugement<\/a><\/li>\n<li><a title=\"Lost - S03.E06 - Coup d'\u00e9tat\" href=\"https:\/\/joubjoub.fr\/blog\/?p=35004\">Lost &#8211; S03.E06 &#8211; Coup d&rsquo;\u00e9tat<\/a><\/li>\n<li><a title=\"Lost - S03.E07 - Loin de chez elle\" href=\"https:\/\/joubjoub.fr\/blog\/?p=35002\">Lost &#8211; S03.E07 &#8211; Loin de chez elle<\/a><\/li>\n<li><a title=\"Lost - S03.E08 - Impression de d\u00e9j\u00e0 vu\" href=\"https:\/\/joubjoub.fr\/blog\/?p=35000\">Lost &#8211; S03.E08 &#8211; Impression de d\u00e9j\u00e0 vu<\/a><\/li>\n<li><a title=\"Lost - S03.E09 - \u00c9tranger parmi eux\" href=\"https:\/\/joubjoub.fr\/blog\/?p=34998\">Lost &#8211; S03.E09 &#8211; \u00c9tranger parmi eux<\/a><\/li>\n<li><a title=\"Lost - S03.E10 - Chance et malchance\" href=\"https:\/\/joubjoub.fr\/blog\/?p=34996\">Lost &#8211; S03.E10 &#8211; Chance et malchance<\/a><\/li>\n<li><a title=\"Lost - S03.E11 - Tapez 77\" href=\"https:\/\/joubjoub.fr\/blog\/?p=34994\">Lost &#8211; S03.E11 &#8211; Tapez 77<\/a><\/li>\n<li><a title=\"Lost - S03.E12 - La voie des airs\" href=\"https:\/\/joubjoub.fr\/blog\/?p=34992\">Lost &#8211; S03.E12 &#8211; La voie des airs<\/a><\/li>\n<li><a title=\"Lost - S03.E13 - Sans retour\" href=\"https:\/\/joubjoub.fr\/blog\/?p=34990\">Lost &#8211; S03.E13 &#8211; Sans retour<\/a><\/li>\n<li><a title=\"Lost - S03.E14 - Jusque dans la tombe\" href=\"https:\/\/joubjoub.fr\/blog\/?p=34988\">Lost &#8211; S03.E14 &#8211; Jusque dans la tombe<\/a><\/li>\n<li><a title=\"Lost - S03.E15 - Meilleures ennemies\" href=\"https:\/\/joubjoub.fr\/blog\/?p=34986\">Lost &#8211; S03.E15 &#8211; Meilleures ennemies<\/a><\/li>\n<li><a title=\"Lost - S03.E16 - Une des n\u00f4tres\" href=\"https:\/\/joubjoub.fr\/blog\/?p=34984\">Lost &#8211; S03.E16 &#8211; Une des n\u00f4tres<\/a><\/li>\n<li><a title=\"Lost - S03.E17 - L'effet papillon\" href=\"https:\/\/joubjoub.fr\/blog\/?p=34982\">Lost &#8211; S03.E17 &#8211; L&rsquo;effet papillon<\/a><\/li>\n<li><a title=\"Lost - S03.E18 - Histoires de femmes\" href=\"https:\/\/joubjoub.fr\/blog\/?p=34980\">Lost &#8211; S03.E18 &#8211; Histoires de femmes<\/a><\/li>\n<li><a title=\"Lost - S03.E19 - Mon p\u00e8re cet escroc\" href=\"https:\/\/joubjoub.fr\/blog\/?p=34978\">Lost &#8211; S03.E19 &#8211; Mon p\u00e8re cet escroc<\/a><\/li>\n<li><a title=\"Lost - S03.E20 - L'homme de l'ombre\" href=\"https:\/\/joubjoub.fr\/blog\/?p=34976\">Lost &#8211; S03.E20 &#8211; L&rsquo;homme de l&rsquo;ombre<\/a><\/li>\n<li><a title=\"Lost - S03.E21 - Meilleurs moments\" href=\"https:\/\/joubjoub.fr\/blog\/?p=34974\">Lost &#8211; S03.E21 &#8211; Meilleurs moments<\/a><\/li>\n<li><a title=\"Lost - S03.E22 - L\u00e0 o\u00f9 tout commence\u2026 (1\/2)\" href=\"https:\/\/joubjoub.fr\/blog\/?p=34972\">Lost &#8211; S03.E22 &#8211; L\u00e0 o\u00f9 tout commence\u2026 (1\/2)<\/a><\/li>\n<li><a title=\"Lost - S03.E23 - \u2026et tout finit (2\/2)\" href=\"https:\/\/joubjoub.fr\/blog\/?p=34970\">Lost &#8211; S03.E23 &#8211; \u2026et tout finit (2\/2)<\/a><\/li>\n<\/ul>\n","protected":false},"excerpt":{"rendered":"<p>Nombre de s\u00e9rie TV : 1 Nombre d&rsquo;\u00e9pisodes vus : 21 Temps d&rsquo;\u00e9cran : 924 minutes (soit 15 heures et 24 minutes) Lost : Les disparus &#8211; Saison 3 \/ 6 La majeure partie de l&rsquo;intrigue met l&rsquo;accent sur le conflit croissant entre les survivants et les \u00ab Autres \u00bb, ainsi que sur le th\u00e8me de l&rsquo;affrontement entre science et foi, symbolis\u00e9 par l&rsquo;antagonisme grandissant&#46;&#46;&#46;<\/p>\n","protected":false},"author":1,"featured_media":0,"parent":0,"menu_order":0,"comment_status":"closed","ping_status":"closed","template":"","meta":{"inline_featured_image":false,"footnotes":""},"class_list":["post-35012","page","type-page","status-publish","hentry"],"_links":{"self":[{"href":"https:\/\/joubjoub.fr\/blog\/index.php?rest_route=\/wp\/v2\/pages\/35012","targetHints":{"allow":["GET"]}}],"collection":[{"href":"https:\/\/joubjoub.fr\/blog\/index.php?rest_route=\/wp\/v2\/pages"}],"about":[{"href":"https:\/\/joubjoub.fr\/blog\/index.php?rest_route=\/wp\/v2\/types\/page"}],"author":[{"embeddable":true,"href":"https:\/\/joubjoub.fr\/blog\/index.php?rest_route=\/wp\/v2\/users\/1"}],"replies":[{"embeddable":true,"href":"https:\/\/joubjoub.fr\/blog\/index.php?rest_route=%2Fwp%2Fv2%2Fcomments&post=35012"}],"version-history":[{"count":0,"href":"https:\/\/joubjoub.fr\/blog\/index.php?rest_route=\/wp\/v2\/pages\/35012\/revisions"}],"wp:attachment":[{"href":"https:\/\/joubjoub.fr\/blog\/index.php?rest_route=%2Fwp%2Fv2%2Fmedia&parent=35012"}],"curies":[{"name":"wp","href":"https:\/\/api.w.org\/{rel}","templated":true}]}}