{"id":35426,"date":"2022-09-15T13:46:41","date_gmt":"2022-09-15T11:46:41","guid":{"rendered":"http:\/\/176.143.180.246\/wordpress\/?page_id=35426"},"modified":"2022-09-15T13:46:41","modified_gmt":"2022-09-15T11:46:41","slug":"episodes-vus-en-2018","status":"publish","type":"page","link":"https:\/\/joubjoub.fr\/blog\/?page_id=35426","title":{"rendered":"\u00c9pisodes vus en 2018"},"content":{"rendered":"<ul>\n<li style=\"list-style-type: none\">\n<ul>\n<li><em><strong>Nombre de s\u00e9rie TV :<\/strong> 1<\/em>\n<ul>\n<li><em>X-Files : Aux fronti\u00e8res du r\u00e9el<\/em> (Saison 11)<\/li>\n<\/ul>\n<\/li>\n<li><em><strong>Nombre d&rsquo;\u00e9pisodes vus :<\/strong> 10<\/em><\/li>\n<\/ul>\n<\/li>\n<\/ul>\n<hr \/>\n<p><img decoding=\"async\" class=\"wp-image-31422 alignright\" src=\"https:\/\/joubjoub.fr\/wp-content\/uploads\/blog\/SeriesTV\/2018\/X-Files - S11.jpg\" alt=\"\" width=\"225\" height=\"300\" \/><\/p>\n<p id=\"mctm1-2\" style=\"font-size: 24px\"><strong>X-Files : Aux fronti\u00e8res du r\u00e9el &#8211; Saison 11 \/ 11<\/strong><\/p>\n<p>La v\u00e9rit\u00e9 n\u2019a jamais \u00e9t\u00e9 si proche. Le destin du monde pourrait bien d\u00e9pendre de la capacit\u00e9 de Mulder et Scully \u00e0 retrouver leur fils William, et ce d\u2019autant plus qu\u2019ils ne sont pas les seuls \u00e0 \u00eatre sur sa trace.<\/p>\n<ul class=\"links\">\n<li><a title=\"X-Files - S11.E01 - La v\u00e9rit\u00e9 est ailleurs (3\/4)\" href=\"https:\/\/joubjoub.fr\/blog\/?p=35424\">X-Files &#8211; S11.E01 &#8211; La v\u00e9rit\u00e9 est ailleurs (3\/4)<\/a><\/li>\n<li><a title=\"X-Files - S11.E02 - Une vie apr\u00e8s la mort\" href=\"https:\/\/joubjoub.fr\/blog\/?p=35422\">X-Files &#8211; S11.E02 &#8211; Une vie apr\u00e8s la mort<\/a><\/li>\n<li><a title=\"X-Files - S11.E03 - Les jumeaux diaboliques\" href=\"https:\/\/joubjoub.fr\/blog\/?p=35420\">X-Files &#8211; S11.E03 &#8211; Les jumeaux diaboliques<\/a><\/li>\n<li><a title=\"X-Files - S11.E04 - L'effet Reggie\" href=\"https:\/\/joubjoub.fr\/blog\/?p=35418\">X-Files &#8211; S11.E04 &#8211; L&rsquo;effet Reggie<\/a><\/li>\n<li><a title=\"X-Files - S11.E05 - Ghouli\" href=\"https:\/\/joubjoub.fr\/blog\/?p=35416\">X-Files &#8211; S11.E05 &#8211; Ghouli<\/a><\/li>\n<li><a title=\"X-Files - S11.E06 - Le retour du monstre\" href=\"https:\/\/joubjoub.fr\/blog\/?p=35414\">X-Files &#8211; S11.E06 &#8211; Le retour du monstre<\/a><\/li>\n<li><a title=\"X-Files - S11.E07 - Rm9sbG93ZXJz\" href=\"https:\/\/joubjoub.fr\/blog\/?p=35412\">X-Files &#8211; S11.E07 &#8211; Rm9sbG93ZXJz<\/a><\/li>\n<li><a title=\"X-Files - S11.E08 - Les forces du mal\" href=\"https:\/\/joubjoub.fr\/blog\/?p=35410\">X-Files &#8211; S11.E08 &#8211; Les forces du mal<\/a><\/li>\n<li><a title=\"X-Files - S11.E09 - Rien n'est \u00e9ternel\" href=\"https:\/\/joubjoub.fr\/blog\/?p=35408\">X-Files &#8211; S11.E09 &#8211; Rien n&rsquo;est \u00e9ternel<\/a><\/li>\n<li><a title=\"X-Files - S11.E10 - La v\u00e9rit\u00e9 est ailleurs (4\/4)\" href=\"https:\/\/joubjoub.fr\/blog\/?p=35406\">X-Files &#8211; S11.E10 &#8211; La v\u00e9rit\u00e9 est ailleurs (4\/4)<\/a><\/li>\n<\/ul>\n","protected":false},"excerpt":{"rendered":"<p>Nombre de s\u00e9rie TV : 1 X-Files : Aux fronti\u00e8res du r\u00e9el (Saison 11) Nombre d&rsquo;\u00e9pisodes vus : 10 X-Files : Aux fronti\u00e8res du r\u00e9el &#8211; Saison 11 \/ 11 La v\u00e9rit\u00e9 n\u2019a jamais \u00e9t\u00e9 si proche. Le destin du monde pourrait bien d\u00e9pendre de la capacit\u00e9 de Mulder et Scully \u00e0 retrouver leur fils William, et ce d\u2019autant plus qu\u2019ils ne sont pas les&#46;&#46;&#46;<\/p>\n","protected":false},"author":1,"featured_media":0,"parent":0,"menu_order":0,"comment_status":"closed","ping_status":"closed","template":"","meta":{"inline_featured_image":false,"footnotes":""},"class_list":["post-35426","page","type-page","status-publish","hentry"],"_links":{"self":[{"href":"https:\/\/joubjoub.fr\/blog\/index.php?rest_route=\/wp\/v2\/pages\/35426","targetHints":{"allow":["GET"]}}],"collection":[{"href":"https:\/\/joubjoub.fr\/blog\/index.php?rest_route=\/wp\/v2\/pages"}],"about":[{"href":"https:\/\/joubjoub.fr\/blog\/index.php?rest_route=\/wp\/v2\/types\/page"}],"author":[{"embeddable":true,"href":"https:\/\/joubjoub.fr\/blog\/index.php?rest_route=\/wp\/v2\/users\/1"}],"replies":[{"embeddable":true,"href":"https:\/\/joubjoub.fr\/blog\/index.php?rest_route=%2Fwp%2Fv2%2Fcomments&post=35426"}],"version-history":[{"count":0,"href":"https:\/\/joubjoub.fr\/blog\/index.php?rest_route=\/wp\/v2\/pages\/35426\/revisions"}],"wp:attachment":[{"href":"https:\/\/joubjoub.fr\/blog\/index.php?rest_route=%2Fwp%2Fv2%2Fmedia&parent=35426"}],"curies":[{"name":"wp","href":"https:\/\/api.w.org\/{rel}","templated":true}]}}