{"id":36279,"date":"2022-09-20T14:36:44","date_gmt":"2022-09-20T12:36:44","guid":{"rendered":"http:\/\/176.143.180.246\/wordpress\/?page_id=36279"},"modified":"2022-09-20T14:36:44","modified_gmt":"2022-09-20T12:36:44","slug":"episodes-vus-en-2020","status":"publish","type":"page","link":"https:\/\/joubjoub.fr\/blog\/?page_id=36279","title":{"rendered":"\u00c9pisodes vus en 2020"},"content":{"rendered":"<ul>\n<li><em><strong>Nombre de s\u00e9rie TV :<\/strong> 1<\/em>\n<ul>\n<li><span style=\"color: #000080\"><em>True Detective<\/em><\/span>\u00a0(Saison 1)<\/li>\n<\/ul>\n<\/li>\n<li><em><strong>Nombre d&rsquo;\u00e9pisodes vus :<\/strong> 8<\/em><\/li>\n<\/ul>\n<hr \/>\n<p><img decoding=\"async\" class=\"wp-image-31422 alignright\" src=\"https:\/\/joubjoub.fr\/wp-content\/uploads\/blog\/SeriesTV\/2020\/True Detective - S01.jpg\" alt=\"\" \/><\/p>\n<p id=\"mctm1-2\" style=\"font-size: 24px\"><strong>True Detective &#8211; Saison 1 \/ 4<\/strong><\/p>\n<p>Interrog\u00e9s par les autorit\u00e9s, Martin Hart et Rust Cohle se rem\u00e9morent leur enqu\u00eate la plus c\u00e9l\u00e8bre. Pour ces ex-partenaires de la Division des Enqu\u00eates Criminelles de Louisiane, tout a commenc\u00e9 17 ans plus t\u00f4t\u2026 En 1995, Dora Lange, une prostitu\u00e9e, est d\u00e9couverte atrocement assassin\u00e9e ; la mise en sc\u00e8ne du cadavre laisse penser qu\u2019un tueur en s\u00e9rie aux rituels occultes s\u00e9virait en Louisiane. D\u00e8s lors, la traque de l\u2019assassin devient une v\u00e9ritable obsession pour Martin et Rust, au risque de d\u00e9truire leurs vies priv\u00e9es.<\/p>\n<ul class=\"links\">\n<li><a title=\"True Detective - S01.E01 - La longue obscurit\u00e9 lumineuse\" href=\"https:\/\/joubjoub.fr\/blog\/?p=36263\">True Detective &#8211; S01.E01 &#8211; La longue obscurit\u00e9 lumineuse<\/a><\/li>\n<li><a title=\"True Detective - S01.E02 - Visions\" href=\"https:\/\/joubjoub.fr\/blog\/?p=36265\">True Detective &#8211; S01.E02 &#8211; Visions<\/a><\/li>\n<li><a title=\"True Detective - S01.E03 - La chambre forte\" href=\"https:\/\/joubjoub.fr\/blog\/?p=36267\">True Detective &#8211; S01.E03 &#8211; La chambre forte<\/a><\/li>\n<li><a title=\"True Detective - S01.E04 - Qui est l\u00e0 ?\" href=\"https:\/\/joubjoub.fr\/blog\/?p=36269\">True Detective &#8211; S01.E04 &#8211; Qui est l\u00e0 ?<\/a><\/li>\n<li><a title=\"True Detective - S01.E05 - Le destin secret de toute vie\" href=\"https:\/\/joubjoub.fr\/blog\/?p=36271\">True Detective &#8211; S01.E05 &#8211; Le destin secret de toute vie<\/a><\/li>\n<li><a title=\"True Detective - S01.E06 - Maisons hant\u00e9es\" href=\"https:\/\/joubjoub.fr\/blog\/?p=36273\">True Detective &#8211; S01.E06 &#8211; Maisons hant\u00e9es<\/a><\/li>\n<li><a title=\"True Detective - S01.E07 - Apr\u00e8s ton d\u00e9part\" href=\"https:\/\/joubjoub.fr\/blog\/?p=36275\">True Detective &#8211; S01.E07 &#8211; Apr\u00e8s ton d\u00e9part<\/a><\/li>\n<li><a title=\"True Detective - S01.E08 - Forme et vide\" href=\"https:\/\/joubjoub.fr\/blog\/?p=36277\">True Detective &#8211; S01.E08 &#8211; Forme et vide<\/a><\/li>\n<\/ul>\n","protected":false},"excerpt":{"rendered":"<p>Nombre de s\u00e9rie TV : 1 True Detective\u00a0(Saison 1) Nombre d&rsquo;\u00e9pisodes vus : 8 True Detective &#8211; Saison 1 \/ 4 Interrog\u00e9s par les autorit\u00e9s, Martin Hart et Rust Cohle se rem\u00e9morent leur enqu\u00eate la plus c\u00e9l\u00e8bre. Pour ces ex-partenaires de la Division des Enqu\u00eates Criminelles de Louisiane, tout a commenc\u00e9 17 ans plus t\u00f4t\u2026 En 1995, Dora Lange, une prostitu\u00e9e, est d\u00e9couverte atrocement assassin\u00e9e&#46;&#46;&#46;<\/p>\n","protected":false},"author":1,"featured_media":0,"parent":0,"menu_order":0,"comment_status":"closed","ping_status":"closed","template":"","meta":{"inline_featured_image":false,"footnotes":""},"class_list":["post-36279","page","type-page","status-publish","hentry"],"_links":{"self":[{"href":"https:\/\/joubjoub.fr\/blog\/index.php?rest_route=\/wp\/v2\/pages\/36279","targetHints":{"allow":["GET"]}}],"collection":[{"href":"https:\/\/joubjoub.fr\/blog\/index.php?rest_route=\/wp\/v2\/pages"}],"about":[{"href":"https:\/\/joubjoub.fr\/blog\/index.php?rest_route=\/wp\/v2\/types\/page"}],"author":[{"embeddable":true,"href":"https:\/\/joubjoub.fr\/blog\/index.php?rest_route=\/wp\/v2\/users\/1"}],"replies":[{"embeddable":true,"href":"https:\/\/joubjoub.fr\/blog\/index.php?rest_route=%2Fwp%2Fv2%2Fcomments&post=36279"}],"version-history":[{"count":0,"href":"https:\/\/joubjoub.fr\/blog\/index.php?rest_route=\/wp\/v2\/pages\/36279\/revisions"}],"wp:attachment":[{"href":"https:\/\/joubjoub.fr\/blog\/index.php?rest_route=%2Fwp%2Fv2%2Fmedia&parent=36279"}],"curies":[{"name":"wp","href":"https:\/\/api.w.org\/{rel}","templated":true}]}}