{"id":40859,"date":"2023-07-29T13:01:36","date_gmt":"2023-07-29T11:01:36","guid":{"rendered":"https:\/\/joubjoub.fr\/blog\/?page_id=40859"},"modified":"2023-10-07T22:33:32","modified_gmt":"2023-10-07T20:33:32","slug":"lectures-2023","status":"publish","type":"page","link":"https:\/\/joubjoub.fr\/blog\/?page_id=40859","title":{"rendered":"Lectures 2023"},"content":{"rendered":"<figure class=\"wp-block-table\">\r\n<table style=\"width: 100%; height: 504px;\">\r\n<thead>\r\n<tr style=\"height: 24px;\">\r\n<th class=\"has-text-align-left\" style=\"width: 26.7468%; border-style: solid; border-color: #000000; text-align: left; height: 24px;\" data-align=\"left\"><strong><span style=\"font-family: tahoma, arial, helvetica, sans-serif;\">Auteur<\/span><\/strong><\/th>\r\n<th class=\"has-text-align-center\" style=\"width: 36.3956%; border-style: solid; border-color: #000000; text-align: left; height: 24px;\" data-align=\"center\"><em><span style=\"font-family: tahoma, arial, helvetica, sans-serif;\"><strong>Titre<\/strong><\/span><\/em><\/th>\r\n<th class=\"has-text-align-center\" style=\"width: 12.2944%; border-style: solid; border-color: #000000; text-align: center; height: 24px;\" data-align=\"center\"><span style=\"font-family: tahoma, arial, helvetica, sans-serif;\"><strong>Date<\/strong><\/span><\/th>\r\n<th style=\"width: 11.1355%; border-style: solid; border-color: #000000; text-align: center; height: 24px;\"><span style=\"font-family: tahoma, arial, helvetica, sans-serif;\"><strong>Note<\/strong><\/span><\/th>\r\n<\/tr>\r\n<\/thead>\r\n<tbody>\r\n<tr>\r\n<td style=\"width: 26.7468%; text-align: left;\" width=\"205\"><span style=\"color: #000080;\">KLEIN G\u00e9rard<\/span><\/td>\r\n<td style=\"width: 36.3956%; text-align: left;\" width=\"326\"><em>Les seigneurs de la guerre<\/em><\/td>\r\n<td style=\"width: 12.2944%; text-align: center;\" width=\"88\">06 OCTOBRE 2023<\/td>\r\n<td style=\"width: 11.1355%; text-align: center;\" width=\"64\">\u2764<\/td>\r\n<\/tr>\r\n<tr>\r\n<td style=\"width: 26.7468%; text-align: left;\" width=\"205\"><span style=\"color: #000080;\">PECK Scott<\/span><\/td>\r\n<td style=\"width: 36.3956%; text-align: left;\" width=\"326\"><em>Le chemin le moins fr\u00e9quent\u00e9<\/em><\/td>\r\n<td style=\"width: 12.2944%; text-align: center;\" width=\"88\">14 SEPTEMBRE 2023<\/td>\r\n<td style=\"width: 11.1355%; text-align: center;\" width=\"64\">3<\/td>\r\n<\/tr>\r\n<tr>\r\n<td style=\"width: 26.7468%; text-align: left;\" width=\"205\"><span style=\"color: #000080;\">AYM\u00c9 Marcel<\/span><\/td>\r\n<td style=\"width: 36.3956%; text-align: left;\" width=\"326\"><em>La jument verte<\/em><\/td>\r\n<td style=\"width: 12.2944%; text-align: center;\" width=\"88\">5 SEPTEMBRE 2023<\/td>\r\n<td style=\"width: 11.1355%; text-align: center;\" width=\"64\">3<\/td>\r\n<\/tr>\r\n<tr>\r\n<td style=\"width: 26.7468%; text-align: left;\" width=\"205\"><span style=\"color: #000080;\">CHEVALIER Yohan<\/span><\/td>\r\n<td style=\"width: 36.3956%; text-align: left;\" width=\"326\"><em>La r\u00e8gle des 20 heures : Tout apprendre m\u00eame sans en avoir le temps<\/em><\/td>\r\n<td style=\"width: 12.2944%; text-align: center;\" width=\"88\">4 SEPTEMBRE 2023<\/td>\r\n<td style=\"width: 11.1355%; text-align: center;\" width=\"64\">2<\/td>\r\n<\/tr>\r\n<tr>\r\n<td style=\"width: 26.7468%; text-align: left;\" width=\"205\"><span style=\"color: #000080;\">LAFON Marie-H\u00e9l\u00e8ne<\/span><\/td>\r\n<td style=\"width: 36.3956%; text-align: left;\" width=\"326\"><em>Histoire du fils<\/em><\/td>\r\n<td style=\"width: 12.2944%; text-align: center;\" width=\"88\">16 AO\u00dbT 2023<\/td>\r\n<td style=\"width: 11.1355%; text-align: center;\" width=\"64\">3<\/td>\r\n<\/tr>\r\n<tr>\r\n<td style=\"width: 26.7468%; text-align: left;\" width=\"205\"><span style=\"color: #000080;\">SAKURAZAKA Hiroshi<\/span><\/td>\r\n<td style=\"width: 36.3956%; text-align: left;\" width=\"326\"><em>Edge of Tomorrow \/ All You Need is Kill<\/em><\/td>\r\n<td style=\"width: 12.2944%; text-align: center;\" width=\"88\">14 AO\u00dbT 2023<\/td>\r\n<td style=\"width: 11.1355%; text-align: center;\" width=\"64\">4<\/td>\r\n<\/tr>\r\n<tr>\r\n<td style=\"width: 26.7468%; text-align: left;\" width=\"205\"><span style=\"color: #000080;\">BOURDEAUT Olivier<\/span><\/td>\r\n<td style=\"width: 36.3956%; text-align: left;\" width=\"326\"><em>Pactum salis<\/em><\/td>\r\n<td style=\"width: 12.2944%; text-align: center;\" width=\"88\">11 AO\u00dbT 2023<\/td>\r\n<td style=\"width: 11.1355%; text-align: center;\" width=\"64\">4<\/td>\r\n<\/tr>\r\n<tr>\r\n<td style=\"width: 26.7468%; text-align: left;\" width=\"205\"><span style=\"color: #000080;\">GALOUYE Daniel F.<\/span><\/td>\r\n<td style=\"width: 36.3956%; text-align: left;\" width=\"326\"><em>Simulacron 3<\/em><\/td>\r\n<td style=\"width: 12.2944%; text-align: center;\" width=\"88\">8 AO\u00dbT 2023<\/td>\r\n<td style=\"width: 11.1355%; text-align: center;\" width=\"64\">\u2764<\/td>\r\n<\/tr>\r\n<tr>\r\n<td style=\"width: 26.7468%; text-align: left;\" width=\"205\"><span style=\"color: #000080;\">VOGT A.E. van<\/span><\/td>\r\n<td style=\"width: 36.3956%; text-align: left;\" width=\"326\"><em>\u00c0 la poursuite des Slans<\/em><\/td>\r\n<td style=\"width: 12.2944%; text-align: center;\" width=\"88\">4 AO\u00dbT 2023<\/td>\r\n<td style=\"width: 11.1355%; text-align: center;\" width=\"64\">\u2764<\/td>\r\n<\/tr>\r\n<tr>\r\n<td style=\"width: 26.7468%; text-align: left;\" width=\"205\"><span style=\"color: #000080;\">WILLIAMSON Jack<\/span><\/td>\r\n<td style=\"width: 36.3956%; text-align: left;\" width=\"326\"><em>Plus noir que vous ne pensez<\/em><\/td>\r\n<td style=\"width: 12.2944%; text-align: center;\" width=\"88\">2 AO\u00dbT 2023<\/td>\r\n<td style=\"width: 11.1355%; text-align: center;\" width=\"64\">4<\/td>\r\n<\/tr>\r\n<tr>\r\n<td style=\"width: 26.7468%; text-align: left;\" width=\"205\"><span style=\"color: #000080;\">HUET-GOMEZ Christelle<\/span><\/td>\r\n<td style=\"width: 36.3956%; text-align: left;\" width=\"326\"><em>Les contes de l\u2019arbre \u00e0 c\u0153ur<\/em><\/td>\r\n<td style=\"width: 12.2944%; text-align: center;\" width=\"88\">25 JUILLET 2023<\/td>\r\n<td style=\"width: 11.1355%; text-align: center;\" width=\"64\">3,5<\/td>\r\n<\/tr>\r\n<tr>\r\n<td style=\"width: 26.7468%; text-align: left;\" width=\"205\"><span style=\"color: #000080;\">STROUGATSKI Arkadi et Boris<\/span><\/td>\r\n<td style=\"width: 36.3956%; text-align: left;\" width=\"326\"><em>Stalker \u2013 Pique-nique au bord du chemin<\/em><\/td>\r\n<td style=\"width: 12.2944%; text-align: center;\" width=\"88\">6 JUILLET 2023<\/td>\r\n<td style=\"width: 11.1355%; text-align: center;\" width=\"64\">4<\/td>\r\n<\/tr>\r\n<tr>\r\n<td style=\"width: 26.7468%; text-align: left;\" width=\"205\"><span style=\"color: #000080;\">HENRICHS Bertina<\/span><\/td>\r\n<td style=\"width: 36.3956%; text-align: left;\" width=\"326\"><em>La joueuse d\u2019\u00e9checs<\/em><\/td>\r\n<td style=\"width: 12.2944%; text-align: center;\" width=\"88\">1 JUIN 2023<\/td>\r\n<td style=\"width: 11.1355%; text-align: center;\" width=\"64\">3,5<\/td>\r\n<\/tr>\r\n<tr>\r\n<td style=\"width: 26.7468%; text-align: left;\" width=\"205\"><span style=\"color: #000080;\">SANDREL Julien<\/span><\/td>\r\n<td style=\"width: 36.3956%; text-align: left;\" width=\"326\"><em>La chambre des merveilles<\/em><\/td>\r\n<td style=\"width: 12.2944%; text-align: center;\" width=\"88\">29 MAI 2023<\/td>\r\n<td style=\"width: 11.1355%; text-align: center;\" width=\"64\">3,5<\/td>\r\n<\/tr>\r\n<tr>\r\n<td style=\"width: 26.7468%; text-align: left;\" width=\"205\"><span style=\"color: #000080;\">DALCHER Christina<\/span><\/td>\r\n<td style=\"width: 36.3956%; text-align: left;\" width=\"326\"><em>QI<\/em><\/td>\r\n<td style=\"width: 12.2944%; text-align: center;\" width=\"88\">25 MAI 2023<\/td>\r\n<td style=\"width: 11.1355%; text-align: center;\" width=\"64\">4,5<\/td>\r\n<\/tr>\r\n<tr>\r\n<td style=\"width: 26.7468%; text-align: left;\" width=\"205\"><span style=\"color: #000080;\">HEINLEIN Robert<\/span><\/td>\r\n<td style=\"width: 36.3956%; text-align: left;\" width=\"326\"><em>Une porte sur l\u2019\u00e9t\u00e9<\/em><\/td>\r\n<td style=\"width: 12.2944%; text-align: center;\" width=\"88\">22 MAI 2023<\/td>\r\n<td style=\"width: 11.1355%; text-align: center;\" width=\"64\">4,5<\/td>\r\n<\/tr>\r\n<tr>\r\n<td style=\"width: 26.7468%; text-align: left;\" width=\"205\"><span style=\"color: #000080;\">HAMILTON Edmond<\/span><\/td>\r\n<td style=\"width: 36.3956%; text-align: left;\" width=\"326\"><em>Capitaine Futur \u2013 01 \u2013 L\u2019empereur de l\u2019espace<\/em><\/td>\r\n<td style=\"width: 12.2944%; text-align: center;\" width=\"88\">21 AVRIL 2023<\/td>\r\n<td style=\"width: 11.1355%; text-align: center;\" width=\"64\">\u2764<\/td>\r\n<\/tr>\r\n<tr>\r\n<td style=\"width: 26.7468%; text-align: left;\" width=\"205\"><span style=\"color: #000080;\">LUZEL Fran\u00e7ois-Marie<\/span><\/td>\r\n<td style=\"width: 36.3956%; text-align: left;\" width=\"326\"><em>Le Chat noir<\/em><\/td>\r\n<td style=\"width: 12.2944%; text-align: center;\" width=\"88\">24 MARS 2023<\/td>\r\n<td style=\"width: 11.1355%; text-align: center;\" width=\"64\">3,5<\/td>\r\n<\/tr>\r\n<tr>\r\n<td style=\"width: 26.7468%; text-align: left;\" width=\"205\"><span style=\"color: #000080;\">MOITET David<\/span><\/td>\r\n<td style=\"width: 36.3956%; text-align: left;\" width=\"326\"><em>Alice<\/em><\/td>\r\n<td style=\"width: 12.2944%; text-align: center;\" width=\"88\">23 MARS 2023<\/td>\r\n<td style=\"width: 11.1355%; text-align: center;\" width=\"64\">4<\/td>\r\n<\/tr>\r\n<tr>\r\n<td style=\"width: 26.7468%; text-align: left;\" width=\"205\"><span style=\"color: #000080;\">DELENGAIGNE Xavier<\/span><\/td>\r\n<td style=\"width: 36.3956%; text-align: left;\" width=\"326\"><em>101 astuces pour mieux s\u2019organiser<\/em><\/td>\r\n<td style=\"width: 12.2944%; text-align: center;\" width=\"88\">10 MARS 2023<\/td>\r\n<td style=\"width: 11.1355%; text-align: center;\" width=\"64\">4<\/td>\r\n<\/tr>\r\n<tr>\r\n<td style=\"width: 26.7468%; text-align: left;\" width=\"205\"><span style=\"color: #000080;\">AKOUN Audrey, BOUKOBZA Philippe, PAILLEAU Isabelle<\/span><\/td>\r\n<td style=\"width: 36.3956%; text-align: left;\" width=\"326\"><em>Travailler avec le sketchnoting<\/em><\/td>\r\n<td style=\"width: 12.2944%; text-align: center;\" width=\"88\">5 MARS 2023<\/td>\r\n<td style=\"width: 11.1355%; text-align: center;\" width=\"64\">4<\/td>\r\n<\/tr>\r\n<tr>\r\n<td style=\"width: 26.7468%; text-align: left;\" width=\"205\"><span style=\"color: #000080;\">GIORDAN Andr\u00e9<\/span><\/td>\r\n<td style=\"width: 36.3956%; text-align: left;\" width=\"326\"><em>J\u2019apprends \u00e0 apprendre au coll\u00e8ge<\/em><\/td>\r\n<td style=\"width: 12.2944%; text-align: center;\" width=\"88\">5 MARS 2023<\/td>\r\n<td style=\"width: 11.1355%; text-align: center;\" width=\"64\">4<\/td>\r\n<\/tr>\r\n<tr>\r\n<td style=\"width: 26.7468%; text-align: left;\" width=\"205\"><span style=\"color: #000080;\">GRANGE Benjamin<\/span><\/td>\r\n<td style=\"width: 36.3956%; text-align: left;\" width=\"326\"><em>R\u00e9ussir une pr\u00e9sentation<\/em><\/td>\r\n<td style=\"width: 12.2944%; text-align: center;\" width=\"88\">20 F\u00c9VRIER 2023<\/td>\r\n<td style=\"width: 11.1355%; text-align: center;\" width=\"64\">3<\/td>\r\n<\/tr>\r\n<\/tbody>\r\n<tfoot>\r\n<tr style=\"height: 24px;\">\r\n<td class=\"has-text-align-left\" style=\"border-style: solid; border-color: #000000; width: 86.5723%; height: 24px;\" colspan=\"4\" data-align=\"left\"><span class=\"has-inline-color has-vivid-cyan-blue-color\" style=\"font-size: 12pt;\"><strong><strong>TOTAL : 23 livres lus en 2023<\/strong><\/strong><\/span><\/td>\r\n<\/tr>\r\n<\/tfoot>\r\n<\/table>\r\n<\/figure>\r\n<p><\/p><!-- \/wp:post-content -->","protected":false},"excerpt":{"rendered":"<p>Auteur Titre Date Note KLEIN G\u00e9rard Les seigneurs de la guerre 06 OCTOBRE 2023 \u2764 PECK Scott Le chemin le moins fr\u00e9quent\u00e9 14 SEPTEMBRE 2023 3 AYM\u00c9 Marcel La jument verte 5 SEPTEMBRE 2023 3 CHEVALIER Yohan La r\u00e8gle des 20 heures : Tout apprendre m\u00eame sans en avoir le temps 4 SEPTEMBRE 2023 2 LAFON Marie-H\u00e9l\u00e8ne Histoire du fils 16 AO\u00dbT 2023 3 SAKURAZAKA&#46;&#46;&#46;<\/p>\n","protected":false},"author":1,"featured_media":0,"parent":0,"menu_order":0,"comment_status":"closed","ping_status":"closed","template":"","meta":{"inline_featured_image":false,"footnotes":""},"class_list":["post-40859","page","type-page","status-publish","hentry"],"_links":{"self":[{"href":"https:\/\/joubjoub.fr\/blog\/index.php?rest_route=\/wp\/v2\/pages\/40859","targetHints":{"allow":["GET"]}}],"collection":[{"href":"https:\/\/joubjoub.fr\/blog\/index.php?rest_route=\/wp\/v2\/pages"}],"about":[{"href":"https:\/\/joubjoub.fr\/blog\/index.php?rest_route=\/wp\/v2\/types\/page"}],"author":[{"embeddable":true,"href":"https:\/\/joubjoub.fr\/blog\/index.php?rest_route=\/wp\/v2\/users\/1"}],"replies":[{"embeddable":true,"href":"https:\/\/joubjoub.fr\/blog\/index.php?rest_route=%2Fwp%2Fv2%2Fcomments&post=40859"}],"version-history":[{"count":24,"href":"https:\/\/joubjoub.fr\/blog\/index.php?rest_route=\/wp\/v2\/pages\/40859\/revisions"}],"predecessor-version":[{"id":41061,"href":"https:\/\/joubjoub.fr\/blog\/index.php?rest_route=\/wp\/v2\/pages\/40859\/revisions\/41061"}],"wp:attachment":[{"href":"https:\/\/joubjoub.fr\/blog\/index.php?rest_route=%2Fwp%2Fv2%2Fmedia&parent=40859"}],"curies":[{"name":"wp","href":"https:\/\/api.w.org\/{rel}","templated":true}]}}