{"id":41094,"date":"2021-01-01T00:01:28","date_gmt":"2020-12-31T23:01:28","guid":{"rendered":"https:\/\/joubjoub.fr\/blog\/?page_id=41094"},"modified":"2023-11-15T18:10:59","modified_gmt":"2023-11-15T17:10:59","slug":"challenge-abc-2021","status":"publish","type":"page","link":"https:\/\/joubjoub.fr\/blog\/?page_id=41094","title":{"rendered":"Challenge ABC 2021"},"content":{"rendered":"<figure class=\"wp-block-table\">\r\n<table style=\"width: 94.1567%; height: 648px;\" width=\"724\">\r\n<tbody>\r\n<tr style=\"height: 24px;\">\r\n<td style=\"width: 4.86412%; text-align: center; background-color: #cfcfcf; height: 24px; border-style: solid;\" width=\"64\"><strong>#<\/strong><\/td>\r\n<td style=\"width: 29.2638%; background-color: #cfcfcf; height: 24px; border-style: solid; text-align: left;\" width=\"186\"><strong><span style=\"font-style: inherit;\">Auteur<\/span><\/strong><\/td>\r\n<td style=\"width: 48.8053%; background-color: #cfcfcf; height: 24px; border-style: solid; text-align: left;\" width=\"330\"><strong><span style=\"font-style: inherit;\">Titre<\/span><\/strong><\/td>\r\n<td style=\"width: 9.55385%; text-align: center; background-color: #cfcfcf; height: 24px; border-style: solid;\" width=\"66\"><strong><span style=\"font-style: inherit;\">Date<\/span><\/strong><\/td>\r\n<td style=\"width: 40.9652%; text-align: center; background-color: #cfcfcf; height: 24px; border-style: solid;\" width=\"78\"><strong><span style=\"font-style: inherit;\">Note<\/span><\/strong><\/td>\r\n<\/tr>\r\n<tr style=\"height: 24px;\">\r\n<td style=\"width: 4.86412%; text-align: center; height: 24px;\"><strong>A<\/strong><\/td>\r\n<td style=\"width: 29.2638%; height: 24px; text-align: left;\" width=\"307\">ASIMOV Isaac<\/td>\r\n<td style=\"width: 48.8053%; height: 24px; text-align: left;\" width=\"379\">Puzzles au club des veufs noirs<\/td>\r\n<td style=\"width: 9.55385%; text-align: center; height: 24px;\">27 f\u00e9v.<\/td>\r\n<td style=\"width: 40.9652%; text-align: center; height: 24px;\">\u2764\ufe0f<\/td>\r\n<\/tr>\r\n<tr style=\"height: 24px;\">\r\n<td style=\"width: 4.86412%; text-align: center; height: 24px;\"><strong>B<\/strong><\/td>\r\n<td style=\"width: 29.2638%; height: 24px; text-align: left;\">BEATON M. C.<\/td>\r\n<td style=\"width: 48.8053%; height: 24px; text-align: left;\">Agatha Raisin enqu\u00eate &#8211; 01 &#8211; La quiche fatale<\/td>\r\n<td style=\"width: 9.55385%; text-align: center; height: 24px;\">22 juillet<\/td>\r\n<td style=\"width: 40.9652%; text-align: center; height: 24px;\">\u2b50\u2b50\u2b50\u2b50<\/td>\r\n<\/tr>\r\n<tr style=\"height: 24px;\">\r\n<td style=\"width: 4.86412%; text-align: center; height: 24px;\"><strong>C<\/strong><\/td>\r\n<td style=\"width: 29.2638%; height: 24px; text-align: left;\">CLARKE Arthur C.<\/td>\r\n<td style=\"width: 48.8053%; height: 24px; text-align: left;\">Les neuf milliards de noms de Dieu et autres nouvelles<\/td>\r\n<td style=\"width: 9.55385%; text-align: center; height: 24px;\">29 mars<\/td>\r\n<td style=\"width: 40.9652%; text-align: center; height: 24px;\">\u2b50\u2b50\u2b50\u2b50<\/td>\r\n<\/tr>\r\n<tr style=\"height: 24px;\">\r\n<td style=\"width: 4.86412%; text-align: center; height: 24px;\"><strong>D<\/strong><\/td>\r\n<td style=\"width: 29.2638%; height: 24px; text-align: left;\">DELAUME Chlo\u00e9<\/td>\r\n<td style=\"width: 48.8053%; height: 24px; text-align: left;\">Les sorci\u00e8res de la R\u00e9publique<\/td>\r\n<td style=\"width: 9.55385%; text-align: center; height: 24px;\">22 janv.<\/td>\r\n<td style=\"width: 40.9652%; text-align: center; height: 24px;\">\u2b50\u2b50\u2b50<\/td>\r\n<\/tr>\r\n<tr style=\"height: 24px;\">\r\n<td style=\"width: 4.86412%; text-align: center; height: 24px;\"><strong>E<\/strong><\/td>\r\n<td style=\"width: 29.2638%; height: 24px; text-align: left;\">Erri DE LUCA<\/td>\r\n<td style=\"width: 48.8053%; height: 24px; text-align: left;\">Impossible<\/td>\r\n<td style=\"width: 9.55385%; text-align: center; height: 24px;\">19 f\u00e9v.<\/td>\r\n<td style=\"width: 40.9652%; text-align: center; height: 24px;\">\u2b50\u2b50\u2b50\u2b50<\/td>\r\n<\/tr>\r\n<tr style=\"height: 24px;\">\r\n<td style=\"width: 4.86412%; text-align: center; height: 24px;\"><strong>F<\/strong><\/td>\r\n<td style=\"width: 29.2638%; height: 24px; text-align: left;\">FOENKINOS David<\/td>\r\n<td style=\"width: 48.8053%; height: 24px; text-align: left;\">La famille Martin<\/td>\r\n<td style=\"width: 9.55385%; text-align: center; height: 24px;\">15 juillet<\/td>\r\n<td style=\"width: 40.9652%; text-align: center; height: 24px;\">\u2b50\u2b50\u2b50\u2b50<\/td>\r\n<\/tr>\r\n<tr style=\"height: 24px;\">\r\n<td style=\"width: 4.86412%; text-align: center; height: 24px;\"><strong>G<\/strong><\/td>\r\n<td style=\"width: 29.2638%; height: 24px; text-align: left;\">GAIMAN Neil, PRATCHETT Terry<\/td>\r\n<td style=\"width: 48.8053%; height: 24px; text-align: left;\">De bons pr\u00e9sages<\/td>\r\n<td style=\"width: 9.55385%; text-align: center; height: 24px;\">16 oct.<\/td>\r\n<td style=\"width: 40.9652%; text-align: center; height: 24px;\">\u2b50\u2b50\u2b50\u2b50<\/td>\r\n<\/tr>\r\n<tr style=\"height: 24px;\">\r\n<td style=\"width: 4.86412%; text-align: center; height: 24px;\"><strong>H<\/strong><\/td>\r\n<td style=\"width: 29.2638%; height: 24px; text-align: left;\">Hans Christian ANDERSEN<\/td>\r\n<td style=\"width: 48.8053%; height: 24px; text-align: left;\">Contes<\/td>\r\n<td style=\"width: 9.55385%; text-align: center; height: 24px;\">12 janv.<\/td>\r\n<td style=\"width: 40.9652%; text-align: center; height: 24px;\">\u2b50\u2b50\u2b50\u2b50<\/td>\r\n<\/tr>\r\n<tr style=\"height: 24px;\">\r\n<td style=\"width: 4.86412%; text-align: center; height: 24px;\"><strong>I<\/strong><\/td>\r\n<td style=\"width: 29.2638%; height: 24px; text-align: left;\">ISHERWOOD Christopher<\/td>\r\n<td style=\"width: 48.8053%; height: 24px; text-align: left;\">Adieu \u00e0 Berlin\u00a0<\/td>\r\n<td style=\"width: 9.55385%; text-align: center; height: 24px;\">29 janv.<\/td>\r\n<td style=\"width: 40.9652%; text-align: center; height: 24px;\">\u2b50\u2b50\u2b50\u2b50<\/td>\r\n<\/tr>\r\n<tr style=\"height: 24px;\">\r\n<td style=\"width: 4.86412%; text-align: center; height: 24px;\"><strong>J<\/strong><\/td>\r\n<td style=\"width: 29.2638%; height: 24px; text-align: left;\" width=\"242\">Jean TEUL\u00c9\u00a0<\/td>\r\n<td style=\"width: 48.8053%; height: 24px; text-align: left;\" width=\"300\">Cr\u00e9nom, Baudelaire !<\/td>\r\n<td style=\"width: 9.55385%; text-align: center; height: 24px;\">26 juillet<\/td>\r\n<td style=\"width: 40.9652%; text-align: center; height: 24px;\">\u2b50\u2b50\u2b50\u2b50<\/td>\r\n<\/tr>\r\n<tr style=\"height: 24px;\">\r\n<td style=\"width: 4.86412%; text-align: center; height: 24px;\"><strong>K<\/strong><\/td>\r\n<td style=\"width: 29.2638%; height: 24px; text-align: left;\">KING Stephen<\/td>\r\n<td style=\"width: 48.8053%; height: 24px; text-align: left;\">L&rsquo;institut<\/td>\r\n<td style=\"width: 9.55385%; text-align: center; height: 24px;\">04 sept.<\/td>\r\n<td style=\"width: 40.9652%; text-align: center; height: 24px;\">\u2764\ufe0f<\/td>\r\n<\/tr>\r\n<tr style=\"height: 24px;\">\r\n<td style=\"width: 4.86412%; text-align: center; height: 24px;\"><strong>L<\/strong><\/td>\r\n<td style=\"width: 29.2638%; height: 24px; text-align: left;\">LEMAITRE Pierre<\/td>\r\n<td style=\"width: 48.8053%; height: 24px; text-align: left;\">Le serpent majuscule<\/td>\r\n<td style=\"width: 9.55385%; text-align: center; height: 24px;\">07 sept.<\/td>\r\n<td style=\"width: 40.9652%; text-align: center; height: 24px;\">\u2764\ufe0f<\/td>\r\n<\/tr>\r\n<tr style=\"height: 24px;\">\r\n<td style=\"width: 4.86412%; text-align: center; height: 24px;\"><strong>M<\/strong><\/td>\r\n<td style=\"width: 29.2638%; height: 24px; text-align: left;\">MILLMAN Dan<\/td>\r\n<td style=\"width: 48.8053%; height: 24px; text-align: left;\">Le guerrier pacifique<\/td>\r\n<td style=\"width: 9.55385%; text-align: center; height: 24px;\">06 juillet<\/td>\r\n<td style=\"width: 40.9652%; text-align: center; height: 24px;\">\u2b50\u2b50\u2b50\u2b50<\/td>\r\n<\/tr>\r\n<tr style=\"height: 24px;\">\r\n<td style=\"width: 4.86412%; text-align: center; height: 24px;\"><strong>N<\/strong><\/td>\r\n<td style=\"width: 29.2638%; height: 24px; text-align: left;\">NOTHOMB Am\u00e9lie<\/td>\r\n<td style=\"width: 48.8053%; height: 24px; text-align: left;\">Soif<\/td>\r\n<td style=\"width: 9.55385%; text-align: center; height: 24px;\">15 janv.<\/td>\r\n<td style=\"width: 40.9652%; text-align: center; height: 24px;\">\u2764\ufe0f<\/td>\r\n<\/tr>\r\n<tr style=\"height: 24px;\">\r\n<td style=\"width: 4.86412%; text-align: center; height: 24px;\"><strong>O<\/strong><\/td>\r\n<td style=\"width: 29.2638%; height: 24px; text-align: left;\">ONFRAY Michel<\/td>\r\n<td style=\"width: 48.8053%; height: 24px; text-align: left;\">L&rsquo;art d&rsquo;\u00eatre fran\u00e7ais<\/td>\r\n<td style=\"width: 9.55385%; text-align: center; height: 24px;\">21 ao\u00fbt<\/td>\r\n<td style=\"width: 40.9652%; text-align: center; height: 24px;\">\u2764\ufe0f<\/td>\r\n<\/tr>\r\n<tr style=\"height: 24px;\">\r\n<td style=\"width: 4.86412%; text-align: center; height: 24px;\"><del><strong>P<\/strong><\/del><\/td>\r\n<td style=\"width: 29.2638%; height: 24px; text-align: left;\"><del>PELOT Pierre<\/del><\/td>\r\n<td style=\"width: 48.8053%; height: 24px; text-align: left;\"><del>Delirium circus<\/del><\/td>\r\n<td style=\"width: 9.55385%; text-align: center; height: 24px;\">\u00a0<\/td>\r\n<td style=\"width: 40.9652%; text-align: center; height: 24px;\">\u00a0<\/td>\r\n<\/tr>\r\n<tr style=\"height: 24px;\">\r\n<td style=\"width: 4.86412%; text-align: center; height: 24px;\"><strong>Q<\/strong><\/td>\r\n<td style=\"width: 29.2638%; height: 24px; text-align: left;\">?<\/td>\r\n<td style=\"width: 48.8053%; height: 24px; text-align: left;\">\u00a0<\/td>\r\n<td style=\"width: 9.55385%; text-align: center; height: 24px;\">\u00a0<\/td>\r\n<td style=\"width: 40.9652%; text-align: center; height: 24px;\">\u00a0<\/td>\r\n<\/tr>\r\n<tr style=\"height: 24px;\">\r\n<td style=\"width: 4.86412%; text-align: center; height: 24px;\"><strong>R<\/strong><\/td>\r\n<td style=\"width: 29.2638%; height: 24px; text-align: left;\" width=\"242\">RABHI Pierre<\/td>\r\n<td style=\"width: 48.8053%; height: 24px; text-align: left;\" width=\"300\">Vers la sobri\u00e9t\u00e9 heureuse<\/td>\r\n<td style=\"width: 9.55385%; text-align: center; height: 24px;\">21 oct.<\/td>\r\n<td style=\"width: 40.9652%; text-align: center; height: 24px;\">\u2b50\u2b50\u2b50\u2b50<\/td>\r\n<\/tr>\r\n<tr style=\"height: 24px;\">\r\n<td style=\"width: 4.86412%; text-align: center; height: 24px;\"><strong>S<\/strong><\/td>\r\n<td style=\"width: 29.2638%; height: 24px; text-align: left;\" width=\"242\">SIMONIN Albert<\/td>\r\n<td style=\"width: 48.8053%; height: 24px; text-align: left;\" width=\"300\">Touchez pas au grisbi !<\/td>\r\n<td style=\"width: 9.55385%; text-align: center; height: 24px;\">14 ao\u00fbt<\/td>\r\n<td style=\"width: 40.9652%; text-align: center; height: 24px;\">\u2b50\u2b50\u2b50\u2b50<\/td>\r\n<\/tr>\r\n<tr style=\"height: 24px;\">\r\n<td style=\"width: 4.86412%; text-align: center; height: 24px;\"><strong>T<\/strong><\/td>\r\n<td style=\"width: 29.2638%; text-align: left;\" width=\"242\">TZU Sun<\/td>\r\n<td style=\"width: 48.8053%; text-align: left;\" width=\"300\">L&rsquo;art de la guerre<\/td>\r\n<td style=\"width: 9.55385%; text-align: center; height: 24px;\">19 janv.<\/td>\r\n<td style=\"width: 40.9652%; text-align: center; height: 24px;\">\u2b50\u2b50\u2b50\u2b50<\/td>\r\n<\/tr>\r\n<tr style=\"height: 24px;\">\r\n<td style=\"width: 4.86412%; text-align: center; height: 24px;\"><strong>U<\/strong><\/td>\r\n<td style=\"width: 29.2638%; height: 24px; text-align: left;\" width=\"242\">UBAC Claire<\/td>\r\n<td style=\"width: 48.8053%; height: 24px; text-align: left;\" width=\"300\">Le fruit du dragon<\/td>\r\n<td style=\"width: 9.55385%; text-align: center; height: 24px;\">16 janv.<\/td>\r\n<td style=\"width: 40.9652%; text-align: center; height: 24px;\">\u2b50\u2b50\u2b50<\/td>\r\n<\/tr>\r\n<tr style=\"height: 24px;\">\r\n<td style=\"width: 4.86412%; text-align: center; height: 24px;\"><strong>V<\/strong><\/td>\r\n<td style=\"width: 29.2638%; height: 24px; text-align: left;\" width=\"242\">VOLTAIRE<\/td>\r\n<td style=\"width: 48.8053%; height: 24px; text-align: left;\" width=\"300\">Zadig ou la destin\u00e9e suivi de Microm\u00e9gas<\/td>\r\n<td style=\"width: 9.55385%; text-align: center; height: 24px;\">29 nov.<\/td>\r\n<td style=\"width: 40.9652%; text-align: center; height: 24px;\">\u2b50\u2b50\u2b50\u2b50<\/td>\r\n<\/tr>\r\n<tr style=\"height: 24px;\">\r\n<td style=\"width: 4.86412%; text-align: center; height: 24px;\"><strong>W<\/strong><\/td>\r\n<td style=\"width: 29.2638%; height: 24px; text-align: left;\">?<\/td>\r\n<td style=\"width: 48.8053%; height: 24px; text-align: left;\" width=\"300\">\u00a0<\/td>\r\n<td style=\"width: 9.55385%; text-align: center; height: 24px;\">\u00a0<\/td>\r\n<td style=\"width: 40.9652%; text-align: center; height: 24px;\">\u00a0<\/td>\r\n<\/tr>\r\n<tr style=\"height: 24px;\">\r\n<td style=\"width: 4.86412%; text-align: center; height: 24px;\"><strong>X<\/strong><\/td>\r\n<td style=\"width: 29.2638%; height: 24px; text-align: left;\">?<\/td>\r\n<td style=\"width: 48.8053%; height: 24px; text-align: left;\" width=\"300\">\u00a0<\/td>\r\n<td style=\"width: 9.55385%; text-align: center; height: 24px;\">\u00a0<\/td>\r\n<td style=\"width: 40.9652%; text-align: center; height: 24px;\">\u00a0<\/td>\r\n<\/tr>\r\n<tr style=\"height: 24px;\">\r\n<td style=\"width: 4.86412%; text-align: center; height: 24px;\"><strong>Y<\/strong><\/td>\r\n<td style=\"width: 29.2638%; height: 24px; text-align: left;\">?<\/td>\r\n<td style=\"width: 48.8053%; height: 24px; text-align: left;\">\u00a0<\/td>\r\n<td style=\"width: 9.55385%; text-align: center; height: 24px;\">\u00a0<\/td>\r\n<td style=\"width: 40.9652%; text-align: center; height: 24px;\">\u00a0<\/td>\r\n<\/tr>\r\n<tr style=\"height: 24px; border-style: solid;\">\r\n<td style=\"width: 4.86412%; text-align: center; height: 24px;\"><strong>Z<\/strong><\/td>\r\n<td style=\"width: 29.2638%; height: 24px; text-align: left;\">?<\/td>\r\n<td style=\"width: 48.8053%; height: 24px; text-align: left;\">\u00a0<\/td>\r\n<td style=\"width: 9.55385%; text-align: center; height: 24px;\">\u00a0<\/td>\r\n<td style=\"width: 40.9652%; text-align: center; height: 24px;\">\u00a0<\/td>\r\n<\/tr>\r\n<\/tbody>\r\n<\/table>\r\n<p><strong>Bilan :<\/strong><\/p>\r\n<ul>\r\n\t<li><strong>20<\/strong> lectures termin\u00e9es sur 21 pr\u00e9vues ( <span style=\"color: #339966;\">95,2 % <\/span>)<\/li>\r\n\t<li><strong>5<\/strong> lettres manquantes : Q, W, X, Y et Z<\/li>\r\n<\/ul>\r\n<\/figure>\r\n<p><\/p><!-- \/wp:post-content -->","protected":false},"excerpt":{"rendered":"<p># Auteur Titre Date Note A ASIMOV Isaac Puzzles au club des veufs noirs 27 f\u00e9v. \u2764\ufe0f B BEATON M. C. Agatha Raisin enqu\u00eate &#8211; 01 &#8211; La quiche fatale 22 juillet \u2b50\u2b50\u2b50\u2b50 C CLARKE Arthur C. Les neuf milliards de noms de Dieu et autres nouvelles 29 mars \u2b50\u2b50\u2b50\u2b50 D DELAUME Chlo\u00e9 Les sorci\u00e8res de la R\u00e9publique 22 janv. \u2b50\u2b50\u2b50 E Erri DE LUCA&#46;&#46;&#46;<\/p>\n","protected":false},"author":1,"featured_media":0,"parent":0,"menu_order":0,"comment_status":"closed","ping_status":"closed","template":"","meta":{"inline_featured_image":false,"footnotes":""},"class_list":["post-41094","page","type-page","status-publish","hentry"],"_links":{"self":[{"href":"https:\/\/joubjoub.fr\/blog\/index.php?rest_route=\/wp\/v2\/pages\/41094","targetHints":{"allow":["GET"]}}],"collection":[{"href":"https:\/\/joubjoub.fr\/blog\/index.php?rest_route=\/wp\/v2\/pages"}],"about":[{"href":"https:\/\/joubjoub.fr\/blog\/index.php?rest_route=\/wp\/v2\/types\/page"}],"author":[{"embeddable":true,"href":"https:\/\/joubjoub.fr\/blog\/index.php?rest_route=\/wp\/v2\/users\/1"}],"replies":[{"embeddable":true,"href":"https:\/\/joubjoub.fr\/blog\/index.php?rest_route=%2Fwp%2Fv2%2Fcomments&post=41094"}],"version-history":[{"count":5,"href":"https:\/\/joubjoub.fr\/blog\/index.php?rest_route=\/wp\/v2\/pages\/41094\/revisions"}],"predecessor-version":[{"id":41102,"href":"https:\/\/joubjoub.fr\/blog\/index.php?rest_route=\/wp\/v2\/pages\/41094\/revisions\/41102"}],"wp:attachment":[{"href":"https:\/\/joubjoub.fr\/blog\/index.php?rest_route=%2Fwp%2Fv2%2Fmedia&parent=41094"}],"curies":[{"name":"wp","href":"https:\/\/api.w.org\/{rel}","templated":true}]}}