{"id":41185,"date":"2024-03-25T14:04:07","date_gmt":"2024-03-25T13:04:07","guid":{"rendered":"https:\/\/joubjoub.fr\/blog\/?page_id=41185"},"modified":"2024-03-25T14:20:16","modified_gmt":"2024-03-25T13:20:16","slug":"films-vus-en-2007","status":"publish","type":"page","link":"https:\/\/joubjoub.fr\/blog\/?page_id=41185","title":{"rendered":"Films vus en 2005"},"content":{"rendered":"<figure class=\"wp-block-table\">\r\n<table style=\"width: 100%;\">\r\n<thead>\r\n<tr style=\"height: 24px;\">\r\n<th class=\"has-text-align-left\" style=\"height: 24px; text-align: left; border-style: solid; border-color: #000000; width: 42.4942%;\" data-align=\"left\"><span style=\"font-size: 12pt;\"><strong>Titre<\/strong><\/span><\/th>\r\n<th class=\"has-text-align-center\" style=\"height: 24px; text-align: center; border-style: solid; border-color: #000000; width: 23.4796%;\" data-align=\"center\"><span style=\"font-size: 12pt;\"><strong>Date<\/strong><\/span><\/th>\r\n<th class=\"has-text-align-center\" style=\"height: 24px; text-align: center; border-style: solid; border-color: #000000; width: 17.552%;\" data-align=\"center\"><span style=\"font-size: 12pt;\"><strong>Note<\/strong><\/span><\/th>\r\n<th class=\"has-text-align-center\" style=\"height: 24px; text-align: center; border-style: solid; border-color: #000000; width: 15.5504%;\" data-align=\"center\"><span style=\"font-size: 12pt;\"><strong>\u00c9tiquettes<\/strong><\/span><\/th>\r\n<\/tr>\r\n<\/thead>\r\n<tbody>\r\n<tr>\r\n<td style=\"width: 42.4942%; text-align: left;\"><a href=\".\/?p=31716\">Ars\u00e8ne Lupin<\/a><\/td>\r\n<td style=\"width: 23.4796%; text-align: center;\"><span style=\"font-size: 10pt;\">14 AO\u00dbT 2005<\/span><\/td>\r\n<td style=\"width: 17.552%; text-align: center;\">\u2b50\u2b50\u2b50<\/td>\r\n<td style=\"width: 15.5504%;\">\u00a0<\/td>\r\n<\/tr>\r\n<tr>\r\n<td style=\"width: 42.4942%; text-align: left;\"><a href=\".\/?p=31738\">Batman Begins<\/a><\/td>\r\n<td style=\"width: 23.4796%; text-align: center;\"><span style=\"font-size: 10pt;\">22 OCTOBRE 2005<\/span><\/td>\r\n<td style=\"width: 17.552%; text-align: center;\">\u2b50\u2b50\u2b50\u2b50<\/td>\r\n<td style=\"width: 15.5504%;\">\u00a0<\/td>\r\n<\/tr>\r\n<tr>\r\n<td style=\"width: 42.4942%; text-align: left;\"><a href=\".\/?p=31722\">Black\/White<\/a><\/td>\r\n<td style=\"width: 23.4796%; text-align: center;\"><span style=\"font-size: 10pt;\">21 AO\u00dbT 2005<\/span><\/td>\r\n<td style=\"width: 17.552%; text-align: center;\">\u2b50\u2b50\u2b50<\/td>\r\n<td style=\"width: 15.5504%;\">\u00a0<\/td>\r\n<\/tr>\r\n<tr>\r\n<td style=\"width: 42.4942%; text-align: left;\"><a href=\".\/?p=31732\">Brice de Nice<\/a><\/td>\r\n<td style=\"width: 23.4796%; text-align: center;\"><span style=\"font-size: 10pt;\">19 OCTOBRE 2005<\/span><\/td>\r\n<td style=\"width: 17.552%; text-align: center;\">\u2b50\u2b50\u2b50<\/td>\r\n<td style=\"width: 15.5504%;\">\u00a0<\/td>\r\n<\/tr>\r\n<tr>\r\n<td style=\"width: 42.4942%; text-align: left;\"><a href=\".\/?p=31754\">Crying Freeman<\/a><\/td>\r\n<td style=\"width: 23.4796%; text-align: center;\"><span style=\"font-size: 10pt;\">21 D\u00c9CEMBRE 2005<\/span><\/td>\r\n<td style=\"width: 17.552%; text-align: center;\">\u2764\ufe0f<\/td>\r\n<td style=\"width: 15.5504%;\">\u00a0<\/td>\r\n<\/tr>\r\n<tr>\r\n<td style=\"width: 42.4942%; text-align: left;\"><a href=\".\/?p=31740\">Equilibrium<\/a><\/td>\r\n<td style=\"width: 23.4796%; text-align: center;\"><span style=\"font-size: 10pt;\">22 OCTOBRE 2005<\/span><\/td>\r\n<td style=\"width: 17.552%; text-align: center;\">\u2b50\u2b50\u2b50<\/td>\r\n<td style=\"width: 15.5504%;\">\u00a0<\/td>\r\n<\/tr>\r\n<tr>\r\n<td style=\"width: 42.4942%; text-align: left;\"><a href=\".\/?p=31736\">Furtif<\/a><\/td>\r\n<td style=\"width: 23.4796%; text-align: center;\"><span style=\"font-size: 10pt;\">21 OCTOBRE 2005<\/span><\/td>\r\n<td style=\"width: 17.552%; text-align: center;\">\u2b50\u2b50\u2b50<\/td>\r\n<td style=\"width: 15.5504%;\">\u00a0<\/td>\r\n<\/tr>\r\n<tr>\r\n<td style=\"width: 42.4942%; text-align: left;\"><a href=\".\/?p=31724\">L\u2019Effet Papillon<\/a><\/td>\r\n<td style=\"width: 23.4796%; text-align: center;\"><span style=\"font-size: 10pt;\">23 AO\u00dbT 2005<\/span><\/td>\r\n<td style=\"width: 17.552%; text-align: center;\">\u2b50\u2b50\u2b50\u2b50<\/td>\r\n<td style=\"width: 15.5504%;\">\u00a0<\/td>\r\n<\/tr>\r\n<tr>\r\n<td style=\"width: 42.4942%; text-align: left;\"><a href=\".\/?p=31750\">La guerre des mondes<\/a><\/td>\r\n<td style=\"width: 23.4796%; text-align: center;\"><span style=\"font-size: 10pt;\">20 NOVEMBRE 2005<\/span><\/td>\r\n<td style=\"width: 17.552%; text-align: center;\">\u2b50\u2b50\u2b50<\/td>\r\n<td style=\"width: 15.5504%;\">\u00a0<\/td>\r\n<\/tr>\r\n<tr>\r\n<td style=\"width: 42.4942%; text-align: left;\"><a href=\".\/?p=31744\">La maison de cire<\/a><\/td>\r\n<td style=\"width: 23.4796%; text-align: center;\"><span style=\"font-size: 10pt;\">6 NOVEMBRE 2005<\/span><\/td>\r\n<td style=\"width: 17.552%; text-align: center;\">\u2b50\u2b50\u2b50<\/td>\r\n<td style=\"width: 15.5504%;\">\u00a0<\/td>\r\n<\/tr>\r\n<tr>\r\n<td style=\"width: 42.4942%; text-align: left;\"><a href=\".\/?p=31718\">Le plus beau jour de ma vie<\/a><\/td>\r\n<td style=\"width: 23.4796%; text-align: center;\"><span style=\"font-size: 10pt;\">16 AO\u00dbT 2005<\/span><\/td>\r\n<td style=\"width: 17.552%; text-align: center;\">\u2b50\u2b50\u2b50<\/td>\r\n<td style=\"width: 15.5504%;\">\u00a0<\/td>\r\n<\/tr>\r\n<tr>\r\n<td style=\"width: 42.4942%; text-align: left;\"><a href=\".\/?p=31746\">Les 4 Fantastiques (2005)<\/a><\/td>\r\n<td style=\"width: 23.4796%; text-align: center;\"><span style=\"font-size: 10pt;\">12 NOVEMBRE 2005<\/span><\/td>\r\n<td style=\"width: 17.552%; text-align: center;\">\u2b50\u2b50\u2b50<\/td>\r\n<td style=\"width: 15.5504%;\">\u00a0<\/td>\r\n<\/tr>\r\n<tr>\r\n<td style=\"width: 42.4942%; text-align: left;\"><a href=\".\/?p=31726\">Les s\u0153urs f\u00e2ch\u00e9es<\/a><\/td>\r\n<td style=\"width: 23.4796%; text-align: center;\"><span style=\"font-size: 10pt;\">4 SEPTEMBRE 2005<\/span><\/td>\r\n<td style=\"width: 17.552%; text-align: center;\">\u2b50\u2b50\u2b50<\/td>\r\n<td style=\"width: 15.5504%;\">\u00a0<\/td>\r\n<\/tr>\r\n<tr>\r\n<td style=\"width: 42.4942%; text-align: left;\"><a href=\".\/?p=31752\">Ma femme est un gangster<\/a><\/td>\r\n<td style=\"width: 23.4796%; text-align: center;\"><span style=\"font-size: 10pt;\">10 D\u00c9CEMBRE 2005<\/span><\/td>\r\n<td style=\"width: 17.552%; text-align: center;\">\u2b50\u2b50\u2b50<\/td>\r\n<td style=\"width: 15.5504%;\">\u00a0<\/td>\r\n<\/tr>\r\n<tr>\r\n<td style=\"width: 42.4942%; text-align: left;\"><a href=\".\/?p=31748\">Ma sorci\u00e8re bien-aim\u00e9e<\/a><\/td>\r\n<td style=\"width: 23.4796%; text-align: center;\"><span style=\"font-size: 10pt;\">19 NOVEMBRE 2005<\/span><\/td>\r\n<td style=\"width: 17.552%; text-align: center;\">\u2b50\u2b50\u2b50<\/td>\r\n<td style=\"width: 15.5504%;\">\u00a0<\/td>\r\n<\/tr>\r\n<tr>\r\n<td style=\"width: 42.4942%; text-align: left;\"><a href=\".\/?p=31730\">Pi\u00e8ge en eaux profondes<\/a><\/td>\r\n<td style=\"width: 23.4796%; text-align: center;\"><span style=\"font-size: 10pt;\">18 OCTOBRE 2005<\/span><\/td>\r\n<td style=\"width: 17.552%; text-align: center;\">\u2b50\u2b50\u2b50<\/td>\r\n<td style=\"width: 15.5504%;\">\u00a0<\/td>\r\n<\/tr>\r\n<tr>\r\n<td style=\"width: 42.4942%; text-align: left;\"><a href=\".\/?p=31720\">Sa m\u00e8re ou moi !<\/a><\/td>\r\n<td style=\"width: 23.4796%; text-align: center;\"><span style=\"font-size: 10pt;\">20 AO\u00dbT 2005<\/span><\/td>\r\n<td style=\"width: 17.552%; text-align: center;\">\u2b50\u2b50\u2b50<\/td>\r\n<td style=\"width: 15.5504%;\">\u00a0<\/td>\r\n<\/tr>\r\n<tr>\r\n<td style=\"width: 42.4942%; text-align: left;\"><a href=\".\/?p=31728\">Saw<\/a><\/td>\r\n<td style=\"width: 23.4796%; text-align: center;\"><span style=\"font-size: 10pt;\">24 SEPTEMBRE 2005<\/span><\/td>\r\n<td style=\"width: 17.552%; text-align: center;\">\u2764\ufe0f<\/td>\r\n<td style=\"width: 15.5504%;\">\u00a0<\/td>\r\n<\/tr>\r\n<tr>\r\n<td style=\"width: 42.4942%; text-align: left;\"><a href=\".\/?p=31742\">Un aller pour l\u2019enfer<\/a><\/td>\r\n<td style=\"width: 23.4796%; text-align: center;\"><span style=\"font-size: 10pt;\">22 OCTOBRE 2005<\/span><\/td>\r\n<td style=\"width: 17.552%; text-align: center;\">\u2b50\u2b50\u2b50<\/td>\r\n<td style=\"width: 15.5504%;\">\u00a0<\/td>\r\n<\/tr>\r\n<\/tbody>\r\n<tfoot>\r\n<tr style=\"height: 24px;\">\r\n<td class=\"has-text-align-left\" style=\"border-style: solid; border-color: #000000;\" colspan=\"4\" data-align=\"left\"><span class=\"has-inline-color has-vivid-cyan-blue-color\" style=\"font-size: 12pt;\"><strong>TOTAL : 20 films vus en 2007<\/strong><\/span><\/td>\r\n<\/tr>\r\n<\/tfoot>\r\n<\/table>\r\n<\/figure>\r\n<p><\/p><!-- \/wp:post-content -->","protected":false},"excerpt":{"rendered":"<p>Titre Date Note \u00c9tiquettes Ars\u00e8ne Lupin 14 AO\u00dbT 2005 \u2b50\u2b50\u2b50 \u00a0 Batman Begins 22 OCTOBRE 2005 \u2b50\u2b50\u2b50\u2b50 \u00a0 Black\/White 21 AO\u00dbT 2005 \u2b50\u2b50\u2b50 \u00a0 Brice de Nice 19 OCTOBRE 2005 \u2b50\u2b50\u2b50 \u00a0 Crying Freeman 21 D\u00c9CEMBRE 2005 \u2764\ufe0f \u00a0 Equilibrium 22 OCTOBRE 2005 \u2b50\u2b50\u2b50 \u00a0 Furtif 21 OCTOBRE 2005 \u2b50\u2b50\u2b50 \u00a0 L\u2019Effet Papillon 23 AO\u00dbT 2005 \u2b50\u2b50\u2b50\u2b50 \u00a0 La guerre des mondes 20 NOVEMBRE 2005&#46;&#46;&#46;<\/p>\n","protected":false},"author":1,"featured_media":0,"parent":0,"menu_order":0,"comment_status":"closed","ping_status":"closed","template":"","meta":{"inline_featured_image":false,"footnotes":""},"class_list":["post-41185","page","type-page","status-publish","hentry"],"_links":{"self":[{"href":"https:\/\/joubjoub.fr\/blog\/index.php?rest_route=\/wp\/v2\/pages\/41185","targetHints":{"allow":["GET"]}}],"collection":[{"href":"https:\/\/joubjoub.fr\/blog\/index.php?rest_route=\/wp\/v2\/pages"}],"about":[{"href":"https:\/\/joubjoub.fr\/blog\/index.php?rest_route=\/wp\/v2\/types\/page"}],"author":[{"embeddable":true,"href":"https:\/\/joubjoub.fr\/blog\/index.php?rest_route=\/wp\/v2\/users\/1"}],"replies":[{"embeddable":true,"href":"https:\/\/joubjoub.fr\/blog\/index.php?rest_route=%2Fwp%2Fv2%2Fcomments&post=41185"}],"version-history":[{"count":5,"href":"https:\/\/joubjoub.fr\/blog\/index.php?rest_route=\/wp\/v2\/pages\/41185\/revisions"}],"predecessor-version":[{"id":41187,"href":"https:\/\/joubjoub.fr\/blog\/index.php?rest_route=\/wp\/v2\/pages\/41185\/revisions\/41187"}],"wp:attachment":[{"href":"https:\/\/joubjoub.fr\/blog\/index.php?rest_route=%2Fwp%2Fv2%2Fmedia&parent=41185"}],"curies":[{"name":"wp","href":"https:\/\/api.w.org\/{rel}","templated":true}]}}